{"id":15799,"date":"2023-01-02T12:46:54","date_gmt":"2023-01-02T10:46:54","guid":{"rendered":"https:\/\/www.gridky.com\/blog\/?page_id=15799"},"modified":"2023-01-02T12:46:54","modified_gmt":"2023-01-02T10:46:54","slug":"tout-savoir-sur-les-frais-de-notaire-dans-limmobilier","status":"publish","type":"page","link":"https:\/\/www.gridky.com\/blog\/tout-savoir-sur-les-frais-de-notaire-dans-limmobilier\/","title":{"rendered":"Tout savoir sur les frais de notaire dans l&rsquo;immobilier"},"content":{"rendered":"<h1>Tout comprendre sur les frais de notaire dans l&rsquo;immobilier<\/h1>\n<h2>I. Transaction immobili\u00e8re\u00a0: qui paie les frais de notaire et quand\u00a0?<\/h2>\n<p class=\"paragraph-length\">Les frais de notaire sont r\u00e9gl\u00e9s par l\u2019acqu\u00e9reur d\u2019un bien immobilier\u00a0et ce dernier s\u2019en acquitte<strong> le jour de la signature de l\u2019acte authentique de vente<\/strong>\u00a0qui scelle l\u2019engagement des deux parties. C\u2019est \u00e0 ce moment-l\u00e0 que l\u2019acqu\u00e9reur r\u00e8gle tous les frais inh\u00e9rents \u00e0 la vente\u00a0: la somme restant \u00e0 payer au titre du prix de vente apr\u00e8s d\u00e9duction de la somme vers\u00e9e au moment du compromis de vente \u00e0 titre de d\u00e9p\u00f4t de garantie, les frais d\u2019agence immobili\u00e8re le cas \u00e9ch\u00e9ant, etc. Notez que l\u2019on rel\u00e8ve quand-m\u00eame une exception \u00e0 cette r\u00e8gle\u00a0: celle du r\u00e8glement des frais de notaire dans le cadre de <strong>la vente d\u2019un logement en VEFA<\/strong> (vente en l\u2019\u00e9tat futur d\u2019ach\u00e8vement). C\u2019est au moment de la signature du contrat de r\u00e9servation que l\u2019acqu\u00e9reur doit r\u00e9gler les frais de notaire. Or, \u00e0 ce stade, le logement n\u2019est pas encore achev\u00e9 ni habitable.<\/p>\n<p class=\"paragraph-length\">De m\u00eame, il est possible pour le vendeur et l\u2019acqu\u00e9reur de s\u2019entendre de telle sorte que<strong> le vendeur prenne \u00e0 sa charge le paiement des frais de notaire <\/strong>\u00e0 la place de l\u2019acqu\u00e9reur. Il s\u2019agit d\u2019une vente dite \u00ab\u00a0acte en main\u00a0\u00bb\u00a0et ce choix doit \u00eatre mentionn\u00e9 dans l\u2019acte de vente.<\/p>\n<p>&nbsp;<\/p>\n<h3>I.1. Calculez vos frais de notaire<\/h3>\n<p class=\"paragraph-length\">Le plus souvent, il faut tabler sur des frais de mutation (\u00e9moluments du notaire + droits d&rsquo;enregistrement) repr\u00e9sentant entre <strong>7\u00a0% et 8\u00a0% de la valeur du bien<\/strong> vendu pour l\u2019acquisition d&rsquo;un bien ancien. Si le logement est neuf, alors ces frais varieront entre 2 et 3\u00a0% du prix de vente. Enfin, au cas o\u00f9 l\u2019achat se ferait via la souscription d\u2019un cr\u00e9dit assorti d\u2019une hypoth\u00e8que, une majoration de 2\u00a0% environ du montant emprunt\u00e9 s\u2019appliquera.\u00a0Vous souhaitez\u00a0<strong>calculer vos frais de notaire<\/strong>\u00a0:<\/p>\n<h3><\/h3>\n<h3>I.2. Droits de notaire : pourquoi sont-ils moins co\u00fbteux dans le neuf ?<\/h3>\n<p class=\"paragraph-length\">Dans le cas d\u2019une transaction portant sur un bien immobilier neuf, c\u2019est-\u00e0-dire d\u2019un logement dont la construction &#8211; comme le pr\u00e9cise\u00a0\u200b\u200ble Code g\u00e9n\u00e9ral des imp\u00f4ts dans son article 257 &#8211; \u00a0s\u2019est achev\u00e9e depuis moins de 5 ans et qui, durant cette p\u00e9riode, n\u2019a \u00e9t\u00e9 habit\u00e9 par personne ni par son propri\u00e9taire ni par un locataire, les frais de notaire &#8211; qui iront, pour la plus grande partie, dans les caisses du Tr\u00e9sor Public &#8211; sont consid\u00e9rablement all\u00e9g\u00e9s. Jugez plut\u00f4t, depuis 2011, <strong>seule la taxe d\u00e9partementale s&rsquo;applique <\/strong>aux ventes de logements neufs et son taux se limite \u00e0 0,71% ! Une bien belle \u00e9conomie, donc. Pour autant, il est important de rappeler que si les frais de notaire sont moins \u00e9lev\u00e9s dans le neuf que dans l\u2019ancien, il n\u2019en va pas de m\u00eame des prix de vente. Si l\u2019on \u00e9tablit une moyenne, sur l\u2019ann\u00e9e 2021, dans l&rsquo;ancien, le prix au m\u00b2 en France avoisine 3 339 \u20ac alors que, dans le neuf, il culmine \u00e0 4 276 \u20ac.<\/p>\n<p>&nbsp;<\/p>\n<h2>II. Les frais de notaire en cas de succession<\/h2>\n<p class=\"paragraph-length\">En mati\u00e8re de\u00a0succession, les \u00e9moluments des notaires sont r\u00e9glement\u00e9s et varient selon le type d\u2019op\u00e9ration effectu\u00e9. Pour un acte\u00a0notori\u00e9t\u00e9 en ligne directe (destin\u00e9 \u00e0 prouver sa qualit\u00e9 d&rsquo;h\u00e9ritier), le tarif est fix\u00e9 \u00e0 58,20\u00a0\u20ac (hors TVA). Pour un\u00a0<strong>certificat de propri\u00e9t\u00e9<\/strong>\u00a0(ou de mutation), le tarif est d\u00e9gressif et proportionnel \u00e0 la valeur du bien transmis. Il faudra alors compter de 15,09\u00a0\u20ac HT soit 18,11\u00a0\u20ac TTC si la valeur du bien est inf\u00e9rieure \u00e0 3\u00a0120\u00a0\u20ac\u00a0et \u00e0 0,484\u00a0% HT de la valeur du bien si la valeur de ce dernier est sup\u00e9rieure \u00e0 3\u00a0120\u00a0\u20ac.<\/p>\n<p class=\"paragraph-length\">Pour une\u00a0<strong>d\u00e9claration de succession<\/strong>, les frais de notaire seront \u00e9galement d\u00e9gressifs et proportionnels. Pour une part d\u2019actif successoral inf\u00e9rieure \u00e0 6\u00a0500\u00a0\u20ac, les frais seront alors de 1,548\u00a0%. Entre 6\u00a0500 et 17\u00a0000\u00a0\u20ac, ils passeront \u00e0 0,851\u00a0% de la part de l\u2019actif brut, puis ils tomberont \u00e0 0,580\u00a0% pour une valeur d\u2019actif comprise entre 17\u00a0000 et 30\u00a0000\u00a0\u20ac. Enfin, ils seront de 0,426\u00a0% si la valeur d\u2019actif d\u00e9passe 30\u00a0000\u00a0\u20ac.\u00a0En revanche, s\u2019il doit faire proc\u00e9der \u00e0 un inventaire, les \u00e9moluments per\u00e7us par le notaire\u00a0seront fixes. Ils s\u2019\u00e9l\u00e8veront \u00e0 75,46\u00a0\u20ac HT, soit 90,55\u00a0\u20ac TTC.<\/p>\n","protected":false},"excerpt":{"rendered":"<p>Tout comprendre sur les frais de notaire dans l&rsquo;immobilier I. Transaction immobili\u00e8re\u00a0: qui paie les frais de notaire et quand\u00a0? Les frais de notaire sont r\u00e9gl\u00e9s par l\u2019acqu\u00e9reur d\u2019un bien immobilier\u00a0et ce dernier s\u2019en acquitte le jour de la signature de l\u2019acte authentique de vente\u00a0qui scelle l\u2019engagement des deux parties. C\u2019est \u00e0 ce moment-l\u00e0 que&hellip;<\/p>\n","protected":false},"author":13,"featured_media":0,"parent":0,"menu_order":0,"comment_status":"closed","ping_status":"closed","template":"","meta":[],"yoast_head":"<!-- This site is optimized with the Yoast SEO plugin v19.13 - https:\/\/yoast.com\/wordpress\/plugins\/seo\/ -->\n<title>Tout savoir sur les frais de notaire dans l&#039;immobilier - Gridky blog<\/title>\n<meta name=\"robots\" content=\"index, follow, max-snippet:-1, max-image-preview:large, max-video-preview:-1\" \/>\n<link rel=\"canonical\" href=\"https:\/\/www.gridky.com\/blog\/tout-savoir-sur-les-frais-de-notaire-dans-limmobilier\/\" \/>\n<meta property=\"og:locale\" content=\"fr_FR\" \/>\n<meta property=\"og:type\" content=\"article\" \/>\n<meta property=\"og:title\" content=\"Tout savoir sur les frais de notaire dans l&#039;immobilier - Gridky blog\" \/>\n<meta property=\"og:description\" content=\"Tout comprendre sur les frais de notaire dans l&rsquo;immobilier I. Transaction immobili\u00e8re\u00a0: qui paie les frais de notaire et quand\u00a0? Les frais de notaire sont r\u00e9gl\u00e9s par l\u2019acqu\u00e9reur d\u2019un bien immobilier\u00a0et ce dernier s\u2019en acquitte le jour de la signature de l\u2019acte authentique de vente\u00a0qui scelle l\u2019engagement des deux parties. C\u2019est \u00e0 ce moment-l\u00e0 que&hellip;\" \/>\n<meta property=\"og:url\" content=\"https:\/\/www.gridky.com\/blog\/tout-savoir-sur-les-frais-de-notaire-dans-limmobilier\/\" \/>\n<meta property=\"og:site_name\" content=\"Gridky blog\" \/>\n<meta name=\"twitter:card\" content=\"summary_large_image\" \/>\n<meta name=\"twitter:label1\" content=\"Dur\u00e9e de lecture estim\u00e9e\" \/>\n\t<meta name=\"twitter:data1\" content=\"4 minutes\" \/>\n<script type=\"application\/ld+json\" class=\"yoast-schema-graph\">{\"@context\":\"https:\/\/schema.org\",\"@graph\":[{\"@type\":\"WebPage\",\"@id\":\"https:\/\/www.gridky.com\/blog\/tout-savoir-sur-les-frais-de-notaire-dans-limmobilier\/\",\"url\":\"https:\/\/www.gridky.com\/blog\/tout-savoir-sur-les-frais-de-notaire-dans-limmobilier\/\",\"name\":\"Tout savoir sur les frais de notaire dans l'immobilier - Gridky blog\",\"isPartOf\":{\"@id\":\"https:\/\/www.gridky.com\/blog\/#website\"},\"datePublished\":\"2023-01-02T10:46:54+00:00\",\"dateModified\":\"2023-01-02T10:46:54+00:00\",\"breadcrumb\":{\"@id\":\"https:\/\/www.gridky.com\/blog\/tout-savoir-sur-les-frais-de-notaire-dans-limmobilier\/#breadcrumb\"},\"inLanguage\":\"fr-FR\",\"potentialAction\":[{\"@type\":\"ReadAction\",\"target\":[\"https:\/\/www.gridky.com\/blog\/tout-savoir-sur-les-frais-de-notaire-dans-limmobilier\/\"]}]},{\"@type\":\"BreadcrumbList\",\"@id\":\"https:\/\/www.gridky.com\/blog\/tout-savoir-sur-les-frais-de-notaire-dans-limmobilier\/#breadcrumb\",\"itemListElement\":[{\"@type\":\"ListItem\",\"position\":1,\"name\":\"Accueil\",\"item\":\"https:\/\/www.gridky.com\/blog\/\"},{\"@type\":\"ListItem\",\"position\":2,\"name\":\"Tout savoir sur les frais de notaire dans l&rsquo;immobilier\"}]},{\"@type\":\"WebSite\",\"@id\":\"https:\/\/www.gridky.com\/blog\/#website\",\"url\":\"https:\/\/www.gridky.com\/blog\/\",\"name\":\"Gridky blog\",\"description\":\"\",\"potentialAction\":[{\"@type\":\"SearchAction\",\"target\":{\"@type\":\"EntryPoint\",\"urlTemplate\":\"https:\/\/www.gridky.com\/blog\/?s={search_term_string}\"},\"query-input\":\"required name=search_term_string\"}],\"inLanguage\":\"fr-FR\"}]}<\/script>\n<!-- \/ Yoast SEO plugin. -->","yoast_head_json":{"title":"Tout savoir sur les frais de notaire dans l'immobilier - Gridky blog","robots":{"index":"index","follow":"follow","max-snippet":"max-snippet:-1","max-image-preview":"max-image-preview:large","max-video-preview":"max-video-preview:-1"},"canonical":"https:\/\/www.gridky.com\/blog\/tout-savoir-sur-les-frais-de-notaire-dans-limmobilier\/","og_locale":"fr_FR","og_type":"article","og_title":"Tout savoir sur les frais de notaire dans l'immobilier - Gridky blog","og_description":"Tout comprendre sur les frais de notaire dans l&rsquo;immobilier I. Transaction immobili\u00e8re\u00a0: qui paie les frais de notaire et quand\u00a0? Les frais de notaire sont r\u00e9gl\u00e9s par l\u2019acqu\u00e9reur d\u2019un bien immobilier\u00a0et ce dernier s\u2019en acquitte le jour de la signature de l\u2019acte authentique de vente\u00a0qui scelle l\u2019engagement des deux parties. C\u2019est \u00e0 ce moment-l\u00e0 que&hellip;","og_url":"https:\/\/www.gridky.com\/blog\/tout-savoir-sur-les-frais-de-notaire-dans-limmobilier\/","og_site_name":"Gridky blog","twitter_card":"summary_large_image","twitter_misc":{"Dur\u00e9e de lecture estim\u00e9e":"4 minutes"},"schema":{"@context":"https:\/\/schema.org","@graph":[{"@type":"WebPage","@id":"https:\/\/www.gridky.com\/blog\/tout-savoir-sur-les-frais-de-notaire-dans-limmobilier\/","url":"https:\/\/www.gridky.com\/blog\/tout-savoir-sur-les-frais-de-notaire-dans-limmobilier\/","name":"Tout savoir sur les frais de notaire dans l'immobilier - Gridky blog","isPartOf":{"@id":"https:\/\/www.gridky.com\/blog\/#website"},"datePublished":"2023-01-02T10:46:54+00:00","dateModified":"2023-01-02T10:46:54+00:00","breadcrumb":{"@id":"https:\/\/www.gridky.com\/blog\/tout-savoir-sur-les-frais-de-notaire-dans-limmobilier\/#breadcrumb"},"inLanguage":"fr-FR","potentialAction":[{"@type":"ReadAction","target":["https:\/\/www.gridky.com\/blog\/tout-savoir-sur-les-frais-de-notaire-dans-limmobilier\/"]}]},{"@type":"BreadcrumbList","@id":"https:\/\/www.gridky.com\/blog\/tout-savoir-sur-les-frais-de-notaire-dans-limmobilier\/#breadcrumb","itemListElement":[{"@type":"ListItem","position":1,"name":"Accueil","item":"https:\/\/www.gridky.com\/blog\/"},{"@type":"ListItem","position":2,"name":"Tout savoir sur les frais de notaire dans l&rsquo;immobilier"}]},{"@type":"WebSite","@id":"https:\/\/www.gridky.com\/blog\/#website","url":"https:\/\/www.gridky.com\/blog\/","name":"Gridky blog","description":"","potentialAction":[{"@type":"SearchAction","target":{"@type":"EntryPoint","urlTemplate":"https:\/\/www.gridky.com\/blog\/?s={search_term_string}"},"query-input":"required name=search_term_string"}],"inLanguage":"fr-FR"}]}},"_links":{"self":[{"href":"https:\/\/www.gridky.com\/blog\/wp-json\/wp\/v2\/pages\/15799"}],"collection":[{"href":"https:\/\/www.gridky.com\/blog\/wp-json\/wp\/v2\/pages"}],"about":[{"href":"https:\/\/www.gridky.com\/blog\/wp-json\/wp\/v2\/types\/page"}],"author":[{"embeddable":true,"href":"https:\/\/www.gridky.com\/blog\/wp-json\/wp\/v2\/users\/13"}],"replies":[{"embeddable":true,"href":"https:\/\/www.gridky.com\/blog\/wp-json\/wp\/v2\/comments?post=15799"}],"version-history":[{"count":3,"href":"https:\/\/www.gridky.com\/blog\/wp-json\/wp\/v2\/pages\/15799\/revisions"}],"predecessor-version":[{"id":15918,"href":"https:\/\/www.gridky.com\/blog\/wp-json\/wp\/v2\/pages\/15799\/revisions\/15918"}],"wp:attachment":[{"href":"https:\/\/www.gridky.com\/blog\/wp-json\/wp\/v2\/media?parent=15799"}],"curies":[{"name":"wp","href":"https:\/\/api.w.org\/{rel}","templated":true}]}}