{"id":15524,"date":"2022-11-21T11:56:25","date_gmt":"2022-11-21T09:56:25","guid":{"rendered":"https:\/\/www.gridky.com\/blog\/?page_id=15524"},"modified":"2022-11-21T11:56:25","modified_gmt":"2022-11-21T09:56:25","slug":"tout-savoir-sur-la-vefa","status":"publish","type":"page","link":"https:\/\/www.gridky.com\/blog\/tout-savoir-sur-la-vefa\/","title":{"rendered":"Tout savoir sur la VEFA"},"content":{"rendered":"<h1>Investissement locatif : la VEFA<\/h1>\n<h2>I. Pourquoi acheter en VEFA ?<\/h2>\n<h3>I.1. D\u00e9finition de la VEFA<\/h3>\n<p>La VEFA consiste en l&rsquo;acquisition d&rsquo;un bien immobilier neuf pour lequel la construction n\u2019est pas encore achev\u00e9e. Dans certains cas, la construction d\u00e9marrera plusieurs mois apr\u00e8s l\u2019acquisition du bien.<\/p>\n<p>De mani\u00e8re g\u00e9n\u00e9rale, entre le moment de l\u2019acquisition et le moment de la livraison du bien, <strong>il s\u2019\u00e9coule souvent une p\u00e9riode allant de 12 et 24 mois<\/strong>.<\/p>\n<p>Mais bien s\u00fbr, chaque Programme est unique, et il est possible \u00e9galement de faire l&rsquo;acquisition d&rsquo;un bien immobilier en VEFA alors que la construction de l\u2019ouvrage est d\u00e9j\u00e0 bien avanc\u00e9e. La livraison du bien est effectu\u00e9e alors \u00e0 peine quelques mois plus tard, voire m\u00eame quelques semaines apr\u00e8s la r\u00e9servation.<\/p>\n<p>Dans la VEFA, le bien immobilier n\u2019\u00e9tant pas encore construit, la vente du logement va s&rsquo;effectuer sur Plan.<\/p>\n<p>La Vente en \u00c9tat Futur d\u2019Ach\u00e8vement est une formule extr\u00eamement encadr\u00e9e par la loi, et parfaitement s\u00e9curis\u00e9e pour l\u2019acqu\u00e9reur.<\/p>\n<p>&nbsp;<\/p>\n<h3>I.2. Un logement neuf conforme aux normes et personnalisable.<\/h3>\n<p>L\u2019achat d\u2019un appartement en VEFA (Vente en \u00e9tat futur d\u2019ach\u00e8vement) vous permet de faire l&rsquo;acquisition d&rsquo;un bien conforme aux derni\u00e8res normes, aux performances \u00e9nerg\u00e9tiques maximales. Cela vous assure de faire d\u2019importantes \u00e9conomies d\u2019\u00e9nergie.<\/p>\n<p>Acheter sur plans, c\u2019est faire le choix d\u2019<strong>investir dans un appartement personnalisable <\/strong>\u00e0 travers les conditions des catalogues d\u2019options, sous r\u00e9serve de respecter les r\u00e9glementations en vigueur et selon les conditions particuli\u00e8res des programmes. Vous pourrez selon vos envies ajouter une cloison, choisir la couleur de votre parquet, remplacer une baignoire par une douche, ajouter un placard&#8230; etc<\/p>\n<h3>I.3. Un paiement s\u00e9curis\u00e9<\/h3>\n<p>La vente sur plan a la particularit\u00e9 d\u2019offrir un mode de <strong>paiement \u00e9chelonn\u00e9 selon l\u2019avancement de la construction du logement<\/strong>. \u00c0 partir du moment o\u00f9 vous signez votre acte chez le notaire, le vendeur vous transf\u00e8re ses droits sur le terrain ainsi que la propri\u00e9t\u00e9 des constructions existantes. Les parties non encore construites deviennent votre propri\u00e9t\u00e9 au fur et \u00e0 mesure de leur ex\u00e9cution ; vous en payez le prix \u00e0 mesure de l\u2019avancement des travaux selon un calendrier d\u2019appels de fonds figurant dans l\u2019acte de vente. C&rsquo;est uniquement si l&rsquo;avancement a \u00e9t\u00e9 constat\u00e9 que le paiement s&rsquo;effectue. Gr\u00e2ce \u00e0 ce proc\u00e9d\u00e9, vous devenez propri\u00e9taire de votre logement au fur et \u00e0 mesure de sa construction et pouvez suivre rigoureusement la bonne r\u00e9alisation de chaque \u00e9tape du chantier.<\/p>\n<p>&nbsp;<\/p>\n<h3>I.4. Des \u00e9conomies sur le court et sur le long terme<\/h3>\n<p>L\u2019achat en VEFA vous permet de b\u00e9n\u00e9ficier des avantages de l\u2019immobilier neuf. <strong>Les frais de notaire sont r\u00e9duits <\/strong>(2 \u00e0 4% du montant total de l\u2019acquisition contre 7 \u00e0 8% pour un logement ancien) et la plupart des communes proposent <strong>l\u2019exon\u00e9ration de la part communale de la taxe fonci\u00e8re pendant deux ans <\/strong>pour les logements neufs. De plus, dans les zones \u00e9ligibles, les logements en VEFA permettent de profiter de la TVA r\u00e9duite \u00e0 5,5% au lieu de 20%. Acqu\u00e9rir un appartement neuf, aux derni\u00e8res normes, vous \u00e9vite tout travaux importants avant de nombreuses ann\u00e9es. Ces \u00e9conomies de travaux se r\u00e9percutent sur les charges de copropri\u00e9t\u00e9, qui seront moins \u00e9lev\u00e9es que dans l\u2019ancien puisqu\u2019il n\u2019y a pas de gros travaux \u00e0 pr\u00e9voir.<\/p>\n<p>&nbsp;<\/p>\n<p>&nbsp;<\/p>\n<p><img fetchpriority=\"high\" decoding=\"async\" class=\"alignnone wp-image-15532 size-full\" title=\"Tout savoir sur la VEFA\" src=\"https:\/\/www.gridky.com\/blog\/wp-content\/uploads\/2022\/11\/white-wall-living-room-have-sofa-and-decoration-3d-rendering-scaled.jpg\" alt=\"\" width=\"2560\" height=\"1440\" srcset=\"https:\/\/www.gridky.com\/blog\/wp-content\/uploads\/2022\/11\/white-wall-living-room-have-sofa-and-decoration-3d-rendering-scaled.jpg 2560w, https:\/\/www.gridky.com\/blog\/wp-content\/uploads\/2022\/11\/white-wall-living-room-have-sofa-and-decoration-3d-rendering-300x169.jpg 300w, https:\/\/www.gridky.com\/blog\/wp-content\/uploads\/2022\/11\/white-wall-living-room-have-sofa-and-decoration-3d-rendering-1024x576.jpg 1024w, https:\/\/www.gridky.com\/blog\/wp-content\/uploads\/2022\/11\/white-wall-living-room-have-sofa-and-decoration-3d-rendering-768x432.jpg 768w, https:\/\/www.gridky.com\/blog\/wp-content\/uploads\/2022\/11\/white-wall-living-room-have-sofa-and-decoration-3d-rendering-1536x864.jpg 1536w, https:\/\/www.gridky.com\/blog\/wp-content\/uploads\/2022\/11\/white-wall-living-room-have-sofa-and-decoration-3d-rendering-2048x1152.jpg 2048w\" sizes=\"(max-width: 2560px) 100vw, 2560px\" \/><\/p>\n<h3><\/h3>\n<h3>I.5. Les diff\u00e9rentes garanties<\/h3>\n<p>La Vente en l\u2019\u00c9tat Futur d&rsquo;Ach\u00e8vement est soumise \u00e0 une r\u00e9glementation sp\u00e9cifique, afin de couvrir l\u2019acqu\u00e9reur de tout risque, comme par exemple un vice de construction ou un d\u00e9faut d\u2019ach\u00e8vement apr\u00e8s paiement. Tout projet immobilier en VEFA doit donc \u00eatre assorti d\u2019une garantie financi\u00e8re, g\u00e9n\u00e9ralement d\u00e9livr\u00e9e par un organisme bancaire. De ce fait, un tiers mandat\u00e9 par ce dernier prendra le relais du promoteur immobilier, si celui-ci se trouvait dans l\u2019impossibilit\u00e9 d\u2019achever la construction.<\/p>\n<p>Par ailleurs, dans le cadre d\u2019une Vente en l\u2019\u00c9tat Futur d&rsquo;Ach\u00e8vement, l\u2019acqu\u00e9reur b\u00e9n\u00e9ficie \u00e9galement d\u2019une garantie de remboursement : si une d\u00e9faillance du promoteur emp\u00eache l\u2019ach\u00e8vement du logement, l\u2019acte de vente est annul\u00e9 et l\u2019\u00e9tablissement financier du promoteur rembourse \u00e0 l\u2019acheteur la totalit\u00e9 des sommes vers\u00e9es.<\/p>\n<p><strong>Le promoteur est tenu de souscrire plusieurs garanties<\/strong>. La garantie de parfait ach\u00e8vement couvre durant 12 mois tous les vices apparents ou malfa\u00e7ons consign\u00e9s dans le proc\u00e8s-verbal de r\u00e9ception des travaux. La garantie biennale couvre durant 24 mois les malfa\u00e7ons du second \u0153uvre (les \u00e9l\u00e9ments pouvant \u00eatre r\u00e9par\u00e9s sans toucher au gros \u0153uvre). La garantie d\u00e9cennale assure pendant 10 ans contre les d\u00e9sordres qui compromettent la solidit\u00e9 de l&rsquo;\u00e9difice ou les rendent impropres \u00e0 sa destination. L\u2019assurance dommage ouvrage pr\u00e9voit une r\u00e9paration rapide des dommages, avant toute recherche de responsabilit\u00e9. Elle est souscrite avant le d\u00e9but du chantier par le vendeur et pour votre compte.<\/p>\n<p>&nbsp;<\/p>\n<div class=\"mt1 mb3 pt2 edt-para-txt\">\n<div class=\"wysiwyg\">\n<div class=\"semibold\">\n<h2 class=\"blue mt0 mb2 db f24\">II. Les frais de notaire et le financement d&rsquo;un bien en VEFA<\/h2>\n<h3>II.1. Frais de notaire moins chers que dans le neuf<\/h3>\n<div class=\"edt-para-wysywyg f16 regular mb3\">\n<p>La vente en l\u2019\u00e9tat futur d\u2019ach\u00e8vement concerne le march\u00e9 immobilier neuf et s\u2019accompagne donc de frais d\u2019acquisition, compris entre 2 et 3 % du prix d\u2019achat. Les frais de notaire en VEFA\u00a0sont majoritairement repr\u00e9sent\u00e9s par les taxes du Tr\u00e9sor Public et des collectivit\u00e9s locales. Ils comportent \u00e9galement des frais d\u2019hypoth\u00e8que, une taxe de publicit\u00e9 fonci\u00e8re ainsi que la r\u00e9mun\u00e9ration du notaire, appel\u00e9e \u00e9molument.<\/p>\n<p>Les frais de notaire sont \u00e0 votre charge et vous devrez les r\u00e9gler en totalit\u00e9 le jour de la signature de l\u2019acte de vente d\u00e9finitif.<\/p>\n<\/div>\n<div class=\"mt1 mb3 pt2 edt-para-txt\">\n<div class=\"wysiwyg\">\n<div class=\"semibold\">\n<h3 class=\"blue mt0 mb2 db f24\">II.2. Financement d\u2019un bien en VEFA<\/h3>\n<div class=\"edt-para-wysywyg f16 regular mb3\">\n<p>Le financement d\u2019un logement neuf en VEFA est soumis \u00e0 des r\u00e8gles pr\u00e9cises. En effet, le d\u00e9blocage des fonds s&rsquo;effectue de mani\u00e8re progressive, et c\u2019est la banque qui s\u2019en occupe. Autrement dit, <strong>les diff\u00e9rents paiements se font au fur et \u00e0 mesure de l\u2019avanc\u00e9e des travaux<\/strong> et respectent un \u00e9ch\u00e9ancier, fix\u00e9 par le contrat :<\/p>\n<ul>\n<li>35 % lors de l\u2019ach\u00e8vement des fondations\u00a0;<\/li>\n<li>70 % \u00e0 la mise hors d\u2019eau (toitures pos\u00e9es)\u00a0;<\/li>\n<li>95 % \u00e0 l\u2019ach\u00e8vement de la construction\u00a0;<\/li>\n<li>100 % \u00e0 la remise des cl\u00e9s, si le logement est conforme au contrat.<\/li>\n<\/ul>\n<p>Le remboursement du pr\u00eat immobilier intervient le plus souvent \u00e0 la livraison du logement. Vous devrez cependant payer des int\u00e9r\u00eats intercalaires pendant la construction, \u00e0 chaque d\u00e9blocage de fonds.<\/p>\n<\/div>\n<\/div>\n<\/div>\n<\/div>\n<\/div>\n<\/div>\n<\/div>\n<p><span data-sheets-formula-bar-text-style=\"font-size:13px;color:#000000;font-weight:normal;text-decoration:none;font-family:'docs-Calibri';font-style:normal;text-decoration-skip-ink:none;\">\u00a0<\/span><\/p>\n","protected":false},"excerpt":{"rendered":"<p>Investissement locatif : la VEFA I. Pourquoi acheter en VEFA ? I.1. D\u00e9finition de la VEFA La VEFA consiste en l&rsquo;acquisition d&rsquo;un bien immobilier neuf pour lequel la construction n\u2019est pas encore achev\u00e9e. Dans certains cas, la construction d\u00e9marrera plusieurs mois apr\u00e8s l\u2019acquisition du bien. De mani\u00e8re g\u00e9n\u00e9rale, entre le moment de l\u2019acquisition et le&hellip;<\/p>\n","protected":false},"author":13,"featured_media":15531,"parent":0,"menu_order":0,"comment_status":"closed","ping_status":"closed","template":"","meta":[],"yoast_head":"<!-- This site is optimized with the Yoast SEO plugin v19.13 - https:\/\/yoast.com\/wordpress\/plugins\/seo\/ -->\n<title>Tout savoir sur la VEFA - Gridky blog<\/title>\n<meta name=\"robots\" content=\"index, follow, max-snippet:-1, max-image-preview:large, max-video-preview:-1\" \/>\n<link rel=\"canonical\" href=\"https:\/\/www.gridky.com\/blog\/tout-savoir-sur-la-vefa\/\" \/>\n<meta property=\"og:locale\" content=\"fr_FR\" \/>\n<meta property=\"og:type\" content=\"article\" \/>\n<meta property=\"og:title\" content=\"Tout savoir sur la VEFA - Gridky blog\" \/>\n<meta property=\"og:description\" content=\"Investissement locatif : la VEFA I. Pourquoi acheter en VEFA ? I.1. D\u00e9finition de la VEFA La VEFA consiste en l&rsquo;acquisition d&rsquo;un bien immobilier neuf pour lequel la construction n\u2019est pas encore achev\u00e9e. Dans certains cas, la construction d\u00e9marrera plusieurs mois apr\u00e8s l\u2019acquisition du bien. De mani\u00e8re g\u00e9n\u00e9rale, entre le moment de l\u2019acquisition et le&hellip;\" \/>\n<meta property=\"og:url\" content=\"https:\/\/www.gridky.com\/blog\/tout-savoir-sur-la-vefa\/\" \/>\n<meta property=\"og:site_name\" content=\"Gridky blog\" \/>\n<meta property=\"og:image\" content=\"https:\/\/www.gridky.com\/blog\/wp-content\/uploads\/2022\/11\/pexels-expect-best-3237761-1-scaled.jpg\" \/>\n\t<meta property=\"og:image:width\" content=\"2560\" \/>\n\t<meta property=\"og:image:height\" content=\"2116\" \/>\n\t<meta property=\"og:image:type\" content=\"image\/jpeg\" \/>\n<meta name=\"twitter:card\" content=\"summary_large_image\" \/>\n<meta name=\"twitter:label1\" content=\"Dur\u00e9e de lecture estim\u00e9e\" \/>\n\t<meta name=\"twitter:data1\" content=\"6 minutes\" \/>\n<script type=\"application\/ld+json\" class=\"yoast-schema-graph\">{\"@context\":\"https:\/\/schema.org\",\"@graph\":[{\"@type\":\"WebPage\",\"@id\":\"https:\/\/www.gridky.com\/blog\/tout-savoir-sur-la-vefa\/\",\"url\":\"https:\/\/www.gridky.com\/blog\/tout-savoir-sur-la-vefa\/\",\"name\":\"Tout savoir sur la VEFA - Gridky blog\",\"isPartOf\":{\"@id\":\"https:\/\/www.gridky.com\/blog\/#website\"},\"datePublished\":\"2022-11-21T09:56:25+00:00\",\"dateModified\":\"2022-11-21T09:56:25+00:00\",\"breadcrumb\":{\"@id\":\"https:\/\/www.gridky.com\/blog\/tout-savoir-sur-la-vefa\/#breadcrumb\"},\"inLanguage\":\"fr-FR\",\"potentialAction\":[{\"@type\":\"ReadAction\",\"target\":[\"https:\/\/www.gridky.com\/blog\/tout-savoir-sur-la-vefa\/\"]}]},{\"@type\":\"BreadcrumbList\",\"@id\":\"https:\/\/www.gridky.com\/blog\/tout-savoir-sur-la-vefa\/#breadcrumb\",\"itemListElement\":[{\"@type\":\"ListItem\",\"position\":1,\"name\":\"Accueil\",\"item\":\"https:\/\/www.gridky.com\/blog\/\"},{\"@type\":\"ListItem\",\"position\":2,\"name\":\"Tout savoir sur la VEFA\"}]},{\"@type\":\"WebSite\",\"@id\":\"https:\/\/www.gridky.com\/blog\/#website\",\"url\":\"https:\/\/www.gridky.com\/blog\/\",\"name\":\"Gridky blog\",\"description\":\"\",\"potentialAction\":[{\"@type\":\"SearchAction\",\"target\":{\"@type\":\"EntryPoint\",\"urlTemplate\":\"https:\/\/www.gridky.com\/blog\/?s={search_term_string}\"},\"query-input\":\"required name=search_term_string\"}],\"inLanguage\":\"fr-FR\"}]}<\/script>\n<!-- \/ Yoast SEO plugin. -->","yoast_head_json":{"title":"Tout savoir sur la VEFA - Gridky blog","robots":{"index":"index","follow":"follow","max-snippet":"max-snippet:-1","max-image-preview":"max-image-preview:large","max-video-preview":"max-video-preview:-1"},"canonical":"https:\/\/www.gridky.com\/blog\/tout-savoir-sur-la-vefa\/","og_locale":"fr_FR","og_type":"article","og_title":"Tout savoir sur la VEFA - Gridky blog","og_description":"Investissement locatif : la VEFA I. Pourquoi acheter en VEFA ? I.1. D\u00e9finition de la VEFA La VEFA consiste en l&rsquo;acquisition d&rsquo;un bien immobilier neuf pour lequel la construction n\u2019est pas encore achev\u00e9e. Dans certains cas, la construction d\u00e9marrera plusieurs mois apr\u00e8s l\u2019acquisition du bien. De mani\u00e8re g\u00e9n\u00e9rale, entre le moment de l\u2019acquisition et le&hellip;","og_url":"https:\/\/www.gridky.com\/blog\/tout-savoir-sur-la-vefa\/","og_site_name":"Gridky blog","og_image":[{"width":2560,"height":2116,"url":"https:\/\/www.gridky.com\/blog\/wp-content\/uploads\/2022\/11\/pexels-expect-best-3237761-1-scaled.jpg","type":"image\/jpeg"}],"twitter_card":"summary_large_image","twitter_misc":{"Dur\u00e9e de lecture estim\u00e9e":"6 minutes"},"schema":{"@context":"https:\/\/schema.org","@graph":[{"@type":"WebPage","@id":"https:\/\/www.gridky.com\/blog\/tout-savoir-sur-la-vefa\/","url":"https:\/\/www.gridky.com\/blog\/tout-savoir-sur-la-vefa\/","name":"Tout savoir sur la VEFA - Gridky blog","isPartOf":{"@id":"https:\/\/www.gridky.com\/blog\/#website"},"datePublished":"2022-11-21T09:56:25+00:00","dateModified":"2022-11-21T09:56:25+00:00","breadcrumb":{"@id":"https:\/\/www.gridky.com\/blog\/tout-savoir-sur-la-vefa\/#breadcrumb"},"inLanguage":"fr-FR","potentialAction":[{"@type":"ReadAction","target":["https:\/\/www.gridky.com\/blog\/tout-savoir-sur-la-vefa\/"]}]},{"@type":"BreadcrumbList","@id":"https:\/\/www.gridky.com\/blog\/tout-savoir-sur-la-vefa\/#breadcrumb","itemListElement":[{"@type":"ListItem","position":1,"name":"Accueil","item":"https:\/\/www.gridky.com\/blog\/"},{"@type":"ListItem","position":2,"name":"Tout savoir sur la VEFA"}]},{"@type":"WebSite","@id":"https:\/\/www.gridky.com\/blog\/#website","url":"https:\/\/www.gridky.com\/blog\/","name":"Gridky blog","description":"","potentialAction":[{"@type":"SearchAction","target":{"@type":"EntryPoint","urlTemplate":"https:\/\/www.gridky.com\/blog\/?s={search_term_string}"},"query-input":"required name=search_term_string"}],"inLanguage":"fr-FR"}]}},"_links":{"self":[{"href":"https:\/\/www.gridky.com\/blog\/wp-json\/wp\/v2\/pages\/15524"}],"collection":[{"href":"https:\/\/www.gridky.com\/blog\/wp-json\/wp\/v2\/pages"}],"about":[{"href":"https:\/\/www.gridky.com\/blog\/wp-json\/wp\/v2\/types\/page"}],"author":[{"embeddable":true,"href":"https:\/\/www.gridky.com\/blog\/wp-json\/wp\/v2\/users\/13"}],"replies":[{"embeddable":true,"href":"https:\/\/www.gridky.com\/blog\/wp-json\/wp\/v2\/comments?post=15524"}],"version-history":[{"count":5,"href":"https:\/\/www.gridky.com\/blog\/wp-json\/wp\/v2\/pages\/15524\/revisions"}],"predecessor-version":[{"id":15599,"href":"https:\/\/www.gridky.com\/blog\/wp-json\/wp\/v2\/pages\/15524\/revisions\/15599"}],"wp:featuredmedia":[{"embeddable":true,"href":"https:\/\/www.gridky.com\/blog\/wp-json\/wp\/v2\/media\/15531"}],"wp:attachment":[{"href":"https:\/\/www.gridky.com\/blog\/wp-json\/wp\/v2\/media?parent=15524"}],"curies":[{"name":"wp","href":"https:\/\/api.w.org\/{rel}","templated":true}]}}