{"id":14582,"date":"2022-08-26T12:48:36","date_gmt":"2022-08-26T10:48:36","guid":{"rendered":"https:\/\/www.gridky.com\/blog\/?page_id=14582"},"modified":"2022-08-26T13:39:58","modified_gmt":"2022-08-26T11:39:58","slug":"tout-connaitre-sur-le-bareme-dimposition-sur-le-revenu","status":"publish","type":"page","link":"https:\/\/www.gridky.com\/blog\/tout-connaitre-sur-le-bareme-dimposition-sur-le-revenu\/","title":{"rendered":"Tout conna\u00eetre sur le bar\u00e8me d&rsquo;imposition sur le revenu"},"content":{"rendered":"<h1>Mieux comprendre le bar\u00e8me d&rsquo;imposition sur le revenu<\/h1>\n<h2>I. Comment r\u00e9aliser le calcul de son taux d\u2019imposition ?<\/h2>\n<p>Le fonctionnement de l\u2019imp\u00f4t sur le revenu a \u00e9t\u00e9 \u00e9tudi\u00e9 dans le but de s\u2019adapter \u00e0 la situation de chacun. De ce fait, ce sont les revenus les plus \u00e9lev\u00e9s qui soutiennent la charge fiscale. Cependant, l\u2019imp\u00f4t ne d\u00e9pend pas seulement des revenus et prend aussi en compte le quotient familial du foyer fiscal.<\/p>\n<p>De cette fa\u00e7on, pour d\u00e9finir le montant de votre imp\u00f4t sur le revenu, il convient de d\u00e9terminer votre quotient familial ainsi que votre revenu imposable. Par le biais de ces deux donn\u00e9es et en vous fondant aux tranches d\u2019imposition qui figurent sur le bar\u00e8me de l\u2019imp\u00f4t sur le revenu, vous pouvez d\u00e9terminer votre taux d\u2019imposition.<\/p>\n<p><strong>Le quotient familial est d\u00e9termin\u00e9 par la composition de votre foyer<\/strong> : il d\u00e9pend du nombre d\u2019enfants et d\u2019adultes. Chaque adulte repr\u00e9sente une part, les deux premiers enfants \u00e0 charge repr\u00e9sentent une demi-part et le troisi\u00e8me enfant ainsi que chaque enfant suppl\u00e9mentaire repr\u00e9sentent une part en plus. La somme de toutes les parts vous conf\u00e8re votre quotient familial.<\/p>\n<p>Prenons le cas d\u2019un couple mari\u00e9 avec deux enfants \u00e0 charge, avec un revenu imposable de 42\u2009000 \u20ac. Le quotient familial de ce foyer est de trois parts (une part pour chaque adulte et une demi-part par enfant).<\/p>\n<p>Dans un premier temps, il faut diviser le revenu imposable par le quotient familial : 42\u2009000\/3 = 14\u2009000 \u20ac. Puis il faut appliquer le bar\u00e8me progressif de l\u2019imp\u00f4t \u00e0 ce r\u00e9sultat. Ainsi :<\/p>\n<ul>\n<li>10\u2009225 \u20ac sont impos\u00e9s \u00e0 0 %\u2009;<\/li>\n<li>3\u2009775 \u20ac (14\u2009000 &#8211; 10\u2009225) sont impos\u00e9s \u00e0 11 %.<\/li>\n<\/ul>\n<p>Le total pour chaque tranche donne (10\u2009225 x 0 %)+(3775 x 11 %) = 415 \u20ac. Ce r\u00e9sultat est \u00e0 multiplier par le nombre de parts du quotient familial, soit 415\u20ac x 3 = 1\u2009245\u20ac. <strong>Le montant total d\u2019imp\u00f4t sur le revenu pour ce foyer est de 1<\/strong>\u2009<strong>245<\/strong><strong>\u20ac<\/strong>.<\/p>\n<p>Le tableau r\u00e9capitulatif ci-dessous vous indiquer comment d\u00e9terminer votre quotient familial en fonction de chaque situation familiale :<\/p>\n<p>&nbsp;<\/p>\n<p>&nbsp;<\/p>\n<p><img fetchpriority=\"high\" decoding=\"async\" class=\"alignnone wp-image-14583 size-full\" title=\"Tableau du quotient familial\" src=\"https:\/\/www.gridky.com\/blog\/wp-content\/uploads\/2022\/08\/Tout-connai\u0302tre-sur-le-bare\u0300me-dimposition-sur-le-revenu-e1661501307303.jpg\" alt=\"\" width=\"1080\" height=\"831\" srcset=\"https:\/\/www.gridky.com\/blog\/wp-content\/uploads\/2022\/08\/Tout-connai\u0302tre-sur-le-bare\u0300me-dimposition-sur-le-revenu-e1661501307303.jpg 1080w, https:\/\/www.gridky.com\/blog\/wp-content\/uploads\/2022\/08\/Tout-connai\u0302tre-sur-le-bare\u0300me-dimposition-sur-le-revenu-e1661501307303-300x231.jpg 300w, https:\/\/www.gridky.com\/blog\/wp-content\/uploads\/2022\/08\/Tout-connai\u0302tre-sur-le-bare\u0300me-dimposition-sur-le-revenu-e1661501307303-1024x788.jpg 1024w, https:\/\/www.gridky.com\/blog\/wp-content\/uploads\/2022\/08\/Tout-connai\u0302tre-sur-le-bare\u0300me-dimposition-sur-le-revenu-e1661501307303-768x591.jpg 768w\" sizes=\"(max-width: 1080px) 100vw, 1080px\" \/><\/p>\n<p>&nbsp;<\/p>\n<h3>I.1. Quelles sont les tranches d\u2019imposition ?<\/h3>\n<p>D\u00e8s lors que vous avez <strong>d\u00e9fini votre quotient familial, vous pouvez le combiner \u00e0 votre revenu imposable<\/strong>. Pour pouvoir d\u00e9terminer le montant de votre imp\u00f4t, la m\u00e9thode est la suivante :<\/p>\n<ul>\n<li>Divisez le montant de votre revenu imposable par le nombre de parts de votre quotient familial.<\/li>\n<li>R\u00e9f\u00e9rez-vous au bar\u00e8me progressif de l\u2019imp\u00f4t sur le revenu afin de d\u00e9terminer la somme et le taux d\u2019imposition s\u2019appliquant \u00e0 chaque tranche d\u2019imposition.<\/li>\n<li>Additionnez le montant de chaque tranche et multipliez la somme par votre nombre de parts.<\/li>\n<\/ul>\n<p>Les taux d\u2019imposition de chaque tranche sont r\u00e9pertori\u00e9s dans le bar\u00e8me de l\u2019imp\u00f4t sur le revenu.<\/p>\n<p>&nbsp;<\/p>\n<p>&nbsp;<\/p>\n<h3><img decoding=\"async\" class=\"alignnone wp-image-14608 size-full\" title=\"Tout conna\u00eetre sur le bar\u00e8me d'imposition sur le revenu\" src=\"https:\/\/www.gridky.com\/blog\/wp-content\/uploads\/2022\/08\/Tout-connai\u0302tre-sur-le-bare\u0300me-dimposition-sur-le-revenu-2-scaled.jpg\" alt=\"\" width=\"2560\" height=\"1709\" srcset=\"https:\/\/www.gridky.com\/blog\/wp-content\/uploads\/2022\/08\/Tout-connai\u0302tre-sur-le-bare\u0300me-dimposition-sur-le-revenu-2-scaled.jpg 2560w, https:\/\/www.gridky.com\/blog\/wp-content\/uploads\/2022\/08\/Tout-connai\u0302tre-sur-le-bare\u0300me-dimposition-sur-le-revenu-2-300x200.jpg 300w, https:\/\/www.gridky.com\/blog\/wp-content\/uploads\/2022\/08\/Tout-connai\u0302tre-sur-le-bare\u0300me-dimposition-sur-le-revenu-2-1024x683.jpg 1024w, https:\/\/www.gridky.com\/blog\/wp-content\/uploads\/2022\/08\/Tout-connai\u0302tre-sur-le-bare\u0300me-dimposition-sur-le-revenu-2-768x513.jpg 768w, https:\/\/www.gridky.com\/blog\/wp-content\/uploads\/2022\/08\/Tout-connai\u0302tre-sur-le-bare\u0300me-dimposition-sur-le-revenu-2-1536x1025.jpg 1536w, https:\/\/www.gridky.com\/blog\/wp-content\/uploads\/2022\/08\/Tout-connai\u0302tre-sur-le-bare\u0300me-dimposition-sur-le-revenu-2-2048x1367.jpg 2048w, https:\/\/www.gridky.com\/blog\/wp-content\/uploads\/2022\/08\/Tout-connai\u0302tre-sur-le-bare\u0300me-dimposition-sur-le-revenu-2-480x321.jpg 480w\" sizes=\"(max-width: 2560px) 100vw, 2560px\" \/><\/h3>\n<h3><\/h3>\n<h3>I.2.<\/h3>\n<p>La rentabilit\u00e9 de votre patrimoine ne s&rsquo;effectue pas uniquement sur le volet financier. Les aspects fiscaux, juridiques ou encore de pr\u00e9voyance repr\u00e9sentent aussi d&rsquo;autres facteurs \u00e0 prendre en compte. Dans le but d\u2019optimiser votre patrimoine, il est \u00e9galement primordial de s\u2019int\u00e9resser \u00e0 ce volet fiscal. <strong>Conna\u00eetre votre TMI vous permet, entre autres avantages, d\u2019anticiper les versements \u00e0 pr\u00e9voir pour votre imp\u00f4t sur le revenu<\/strong>.<\/p>\n<p>Il est important de bien faire la distinction entre le taux moyen d\u2019imposition et le taux marginal d\u2019imposition. Le taux moyen correspond au pourcentage que repr\u00e9sente le montant de votre imp\u00f4t par rapport \u00e0 votre revenu imposable. Le taux marginal d\u2019imposition est le taux se r\u00e9f\u00e9rant \u00e0 la derni\u00e8re tranche du bar\u00e8me qui s\u2019applique dans le calcul de votre imp\u00f4t.<\/p>\n<p>Dans l\u2019exemple pr\u00e9c\u00e9dent, le taux moyen du couple \u00e9tait d\u2019environ 3 % (1 245,75 \/ 42 000 *100) et le taux marginal d\u2019imposition \u00e9tait de 11 %. Suite \u00e0 la pr\u00e9sentation du projet de loi de finances pour 2022, un bar\u00e8me d\u2019imposition avec des tranches de revenu mises \u00e0 jour a \u00e9t\u00e9 pr\u00e9sent\u00e9. Ces nouvelles tranches doivent permettre de prendre en compte l\u2019inflation au cours de l\u2019ann\u00e9e 2021. Les tranches d\u2019imposition pour la d\u00e9claration d\u2019imp\u00f4t 2022 sont les suivantes :<\/p>\n<p>&nbsp;<\/p>\n<p><img decoding=\"async\" class=\"alignnone wp-image-14584 size-full\" title=\"Les tranches d\u2019imposition possibles pour 2022\" src=\"https:\/\/www.gridky.com\/blog\/wp-content\/uploads\/2022\/08\/Les-tranches-dimposition-possibles-pour-2022-e1661501822602.jpg\" alt=\"\" width=\"1080\" height=\"839\" srcset=\"https:\/\/www.gridky.com\/blog\/wp-content\/uploads\/2022\/08\/Les-tranches-dimposition-possibles-pour-2022-e1661501822602.jpg 1080w, https:\/\/www.gridky.com\/blog\/wp-content\/uploads\/2022\/08\/Les-tranches-dimposition-possibles-pour-2022-e1661501822602-300x233.jpg 300w, https:\/\/www.gridky.com\/blog\/wp-content\/uploads\/2022\/08\/Les-tranches-dimposition-possibles-pour-2022-e1661501822602-1024x795.jpg 1024w, https:\/\/www.gridky.com\/blog\/wp-content\/uploads\/2022\/08\/Les-tranches-dimposition-possibles-pour-2022-e1661501822602-768x597.jpg 768w\" sizes=\"(max-width: 1080px) 100vw, 1080px\" \/><\/p>\n<div id=\"block-eco-dsfr-page-title\" class=\"block block-core block-page-title-block\">\n<h2 class=\"page-title\"><span class=\"field field--name-title field--type-string field--label-hidden\">II. Imp\u00f4t sur le revenu : le calendrier de la d\u00e9claration en 2022<\/span><\/h2>\n<\/div>\n<div id=\"block-eco-dsfr-content\" class=\"block block-system block-system-main-block\">\n<article class=\"node node--type-article node--view-mode-full particulier\" role=\"article\" data-history-node-id=\"34365\">\n<h3 class=\"article--infos\">II.1. D\u00e9tails sur la d\u00e9claration<\/h3>\n<div class=\"node__content\">\n<div class=\"clearfix text-formatted field field--name-field-chapo field--type-text-long field--label-hidden field__item\">\n<p>Comme chaque ann\u00e9e, <strong>c&rsquo;est au mois d&rsquo;avril que commence le d\u00e9but de la campagne de d\u00e9claration des revenus<\/strong>, pendant laquelle tous les contribuables doivent remplir leur d\u00e9claration. Pour d\u00e9clarer vos revenus simplement, il vous suffira de vous rendre dans votre espace \u00ab particulier \u00bb sur impots.gouv.fr et de vous laisser guider. Les dates limites de d\u00e9claration pour les trois zones :<\/p>\n<\/div>\n<p>&nbsp;<\/p>\n<div class=\"field field--name-field-paragraphes field--type-entity-reference-revisions field--label-hidden field__items\">\n<div class=\"field__item\">\n<div class=\"paragraph paragraph--type--contenu-libre paragraph--view-mode--default\">\n<div class=\"clearfix text-formatted field field--name-field-contenu-libre field--type-text-long field--label-hidden field__item\">\n<p><img loading=\"lazy\" decoding=\"async\" class=\"alignnone wp-image-14587 size-full\" title=\"Le calendrier de la d\u00e9claration d'imp\u00f4ts\" src=\"https:\/\/www.gridky.com\/blog\/wp-content\/uploads\/2022\/08\/Les-dates-limites-de-de\u0301claration-pour-les-trois-zones-e1661507180926.jpg\" alt=\"\" width=\"1080\" height=\"550\" srcset=\"https:\/\/www.gridky.com\/blog\/wp-content\/uploads\/2022\/08\/Les-dates-limites-de-de\u0301claration-pour-les-trois-zones-e1661507180926.jpg 1080w, https:\/\/www.gridky.com\/blog\/wp-content\/uploads\/2022\/08\/Les-dates-limites-de-de\u0301claration-pour-les-trois-zones-e1661507180926-300x153.jpg 300w, https:\/\/www.gridky.com\/blog\/wp-content\/uploads\/2022\/08\/Les-dates-limites-de-de\u0301claration-pour-les-trois-zones-e1661507180926-1024x521.jpg 1024w, https:\/\/www.gridky.com\/blog\/wp-content\/uploads\/2022\/08\/Les-dates-limites-de-de\u0301claration-pour-les-trois-zones-e1661507180926-768x391.jpg 768w\" sizes=\"(max-width: 1080px) 100vw, 1080px\" \/><\/p>\n<\/div>\n<\/div>\n<\/div>\n<\/div>\n<\/div>\n<\/article>\n<\/div>\n<p>Depuis 2019, la globalit\u00e9 des foyers fiscaux ont pour obligation de d\u00e9clarer en ligne. Cependant, dans le cas o\u00f9 vous ne seriez pas en capacit\u00e9 de d\u00e9clarer vos revenus par internet, vous pouvez utiliser la d\u00e9claration papier.<\/p>\n<p>Finalement la date limite de d\u00e9p\u00f4t des d\u00e9clarations qui avait \u00e9t\u00e9 fix\u00e9e initialement au jeudi 19 mai, a \u00e9t\u00e9 est repouss\u00e9e au mardi 31 mai \u00e0 23h59 (y compris pour les fran\u00e7ais r\u00e9sidents \u00e0 l&rsquo;\u00e9tranger), le cachet de la Poste faisant foi.<\/p>\n<p>&nbsp;<\/p>\n<p><img loading=\"lazy\" decoding=\"async\" class=\"alignnone wp-image-14606 size-full\" title=\"Tout conna\u00eetre sur le bar\u00e8me d'imposition sur le revenu\" src=\"https:\/\/www.gridky.com\/blog\/wp-content\/uploads\/2022\/08\/Capture-de\u0301cran-2022-08-26-a\u0300-11.57.31-1.png\" alt=\"\" width=\"701\" height=\"187\" srcset=\"https:\/\/www.gridky.com\/blog\/wp-content\/uploads\/2022\/08\/Capture-de\u0301cran-2022-08-26-a\u0300-11.57.31-1.png 701w, https:\/\/www.gridky.com\/blog\/wp-content\/uploads\/2022\/08\/Capture-de\u0301cran-2022-08-26-a\u0300-11.57.31-1-300x80.png 300w\" sizes=\"(max-width: 701px) 100vw, 701px\" \/><\/p>\n<p>&nbsp;<\/p>\n<div style=\"width: 840px;\" class=\"wp-video\"><!--[if lt IE 9]><script>document.createElement('video');<\/script><![endif]-->\n<video class=\"wp-video-shortcode\" id=\"video-14582-1\" width=\"840\" height=\"473\" preload=\"metadata\" controls=\"controls\"><source type=\"video\/mp4\" src=\"https:\/\/www.gridky.com\/blog\/wp-content\/uploads\/2022\/08\/A\u0300-quoi-correspond-le-taux-marginal-dimposition-.mp4?_=1\" \/><a href=\"https:\/\/www.gridky.com\/blog\/wp-content\/uploads\/2022\/08\/A\u0300-quoi-correspond-le-taux-marginal-dimposition-.mp4\">https:\/\/www.gridky.com\/blog\/wp-content\/uploads\/2022\/08\/A\u0300-quoi-correspond-le-taux-marginal-dimposition-.mp4<\/a><\/video><\/div>\n","protected":false},"excerpt":{"rendered":"<p>Mieux comprendre le bar\u00e8me d&rsquo;imposition sur le revenu I. Comment r\u00e9aliser le calcul de son taux d\u2019imposition ? Le fonctionnement de l\u2019imp\u00f4t sur le revenu a \u00e9t\u00e9 \u00e9tudi\u00e9 dans le but de s\u2019adapter \u00e0 la situation de chacun. De ce fait, ce sont les revenus les plus \u00e9lev\u00e9s qui soutiennent la charge fiscale. Cependant, l\u2019imp\u00f4t&hellip;<\/p>\n","protected":false},"author":13,"featured_media":14607,"parent":0,"menu_order":0,"comment_status":"closed","ping_status":"closed","template":"","meta":[],"yoast_head":"<!-- This site is optimized with the Yoast SEO plugin v19.13 - https:\/\/yoast.com\/wordpress\/plugins\/seo\/ -->\n<title>Tout conna\u00eetre sur le bar\u00e8me d&#039;imposition sur le revenu - Gridky blog<\/title>\n<meta name=\"robots\" content=\"index, follow, max-snippet:-1, max-image-preview:large, max-video-preview:-1\" \/>\n<link rel=\"canonical\" href=\"https:\/\/www.gridky.com\/blog\/tout-connaitre-sur-le-bareme-dimposition-sur-le-revenu\/\" \/>\n<meta property=\"og:locale\" content=\"fr_FR\" \/>\n<meta property=\"og:type\" content=\"article\" \/>\n<meta property=\"og:title\" content=\"Tout conna\u00eetre sur le bar\u00e8me d&#039;imposition sur le revenu - Gridky blog\" \/>\n<meta property=\"og:description\" content=\"Mieux comprendre le bar\u00e8me d&rsquo;imposition sur le revenu I. Comment r\u00e9aliser le calcul de son taux d\u2019imposition ? Le fonctionnement de l\u2019imp\u00f4t sur le revenu a \u00e9t\u00e9 \u00e9tudi\u00e9 dans le but de s\u2019adapter \u00e0 la situation de chacun. De ce fait, ce sont les revenus les plus \u00e9lev\u00e9s qui soutiennent la charge fiscale. Cependant, l\u2019imp\u00f4t&hellip;\" \/>\n<meta property=\"og:url\" content=\"https:\/\/www.gridky.com\/blog\/tout-connaitre-sur-le-bareme-dimposition-sur-le-revenu\/\" \/>\n<meta property=\"og:site_name\" content=\"Gridky blog\" \/>\n<meta property=\"article:modified_time\" content=\"2022-08-26T11:39:58+00:00\" \/>\n<meta property=\"og:image\" content=\"https:\/\/www.gridky.com\/blog\/wp-content\/uploads\/2022\/08\/Tout-connai\u0302tre-sur-le-bare\u0300me-dimposition-sur-le-revenu-1.jpg\" \/>\n\t<meta property=\"og:image:width\" content=\"1920\" \/>\n\t<meta property=\"og:image:height\" content=\"1080\" \/>\n\t<meta property=\"og:image:type\" content=\"image\/jpeg\" \/>\n<meta name=\"twitter:card\" content=\"summary_large_image\" \/>\n<meta name=\"twitter:label1\" content=\"Dur\u00e9e de lecture estim\u00e9e\" \/>\n\t<meta name=\"twitter:data1\" content=\"5 minutes\" \/>\n<script type=\"application\/ld+json\" class=\"yoast-schema-graph\">{\"@context\":\"https:\/\/schema.org\",\"@graph\":[{\"@type\":\"WebPage\",\"@id\":\"https:\/\/www.gridky.com\/blog\/tout-connaitre-sur-le-bareme-dimposition-sur-le-revenu\/\",\"url\":\"https:\/\/www.gridky.com\/blog\/tout-connaitre-sur-le-bareme-dimposition-sur-le-revenu\/\",\"name\":\"Tout conna\u00eetre sur le bar\u00e8me d'imposition sur le revenu - Gridky blog\",\"isPartOf\":{\"@id\":\"https:\/\/www.gridky.com\/blog\/#website\"},\"datePublished\":\"2022-08-26T10:48:36+00:00\",\"dateModified\":\"2022-08-26T11:39:58+00:00\",\"breadcrumb\":{\"@id\":\"https:\/\/www.gridky.com\/blog\/tout-connaitre-sur-le-bareme-dimposition-sur-le-revenu\/#breadcrumb\"},\"inLanguage\":\"fr-FR\",\"potentialAction\":[{\"@type\":\"ReadAction\",\"target\":[\"https:\/\/www.gridky.com\/blog\/tout-connaitre-sur-le-bareme-dimposition-sur-le-revenu\/\"]}]},{\"@type\":\"BreadcrumbList\",\"@id\":\"https:\/\/www.gridky.com\/blog\/tout-connaitre-sur-le-bareme-dimposition-sur-le-revenu\/#breadcrumb\",\"itemListElement\":[{\"@type\":\"ListItem\",\"position\":1,\"name\":\"Accueil\",\"item\":\"https:\/\/www.gridky.com\/blog\/\"},{\"@type\":\"ListItem\",\"position\":2,\"name\":\"Tout conna\u00eetre sur le bar\u00e8me d&rsquo;imposition sur le revenu\"}]},{\"@type\":\"WebSite\",\"@id\":\"https:\/\/www.gridky.com\/blog\/#website\",\"url\":\"https:\/\/www.gridky.com\/blog\/\",\"name\":\"Gridky blog\",\"description\":\"\",\"potentialAction\":[{\"@type\":\"SearchAction\",\"target\":{\"@type\":\"EntryPoint\",\"urlTemplate\":\"https:\/\/www.gridky.com\/blog\/?s={search_term_string}\"},\"query-input\":\"required name=search_term_string\"}],\"inLanguage\":\"fr-FR\"}]}<\/script>\n<!-- \/ Yoast SEO plugin. -->","yoast_head_json":{"title":"Tout conna\u00eetre sur le bar\u00e8me d'imposition sur le revenu - Gridky blog","robots":{"index":"index","follow":"follow","max-snippet":"max-snippet:-1","max-image-preview":"max-image-preview:large","max-video-preview":"max-video-preview:-1"},"canonical":"https:\/\/www.gridky.com\/blog\/tout-connaitre-sur-le-bareme-dimposition-sur-le-revenu\/","og_locale":"fr_FR","og_type":"article","og_title":"Tout conna\u00eetre sur le bar\u00e8me d'imposition sur le revenu - Gridky blog","og_description":"Mieux comprendre le bar\u00e8me d&rsquo;imposition sur le revenu I. Comment r\u00e9aliser le calcul de son taux d\u2019imposition ? Le fonctionnement de l\u2019imp\u00f4t sur le revenu a \u00e9t\u00e9 \u00e9tudi\u00e9 dans le but de s\u2019adapter \u00e0 la situation de chacun. De ce fait, ce sont les revenus les plus \u00e9lev\u00e9s qui soutiennent la charge fiscale. Cependant, l\u2019imp\u00f4t&hellip;","og_url":"https:\/\/www.gridky.com\/blog\/tout-connaitre-sur-le-bareme-dimposition-sur-le-revenu\/","og_site_name":"Gridky blog","article_modified_time":"2022-08-26T11:39:58+00:00","og_image":[{"width":1920,"height":1080,"url":"https:\/\/www.gridky.com\/blog\/wp-content\/uploads\/2022\/08\/Tout-connai\u0302tre-sur-le-bare\u0300me-dimposition-sur-le-revenu-1.jpg","type":"image\/jpeg"}],"twitter_card":"summary_large_image","twitter_misc":{"Dur\u00e9e de lecture estim\u00e9e":"5 minutes"},"schema":{"@context":"https:\/\/schema.org","@graph":[{"@type":"WebPage","@id":"https:\/\/www.gridky.com\/blog\/tout-connaitre-sur-le-bareme-dimposition-sur-le-revenu\/","url":"https:\/\/www.gridky.com\/blog\/tout-connaitre-sur-le-bareme-dimposition-sur-le-revenu\/","name":"Tout conna\u00eetre sur le bar\u00e8me d'imposition sur le revenu - Gridky blog","isPartOf":{"@id":"https:\/\/www.gridky.com\/blog\/#website"},"datePublished":"2022-08-26T10:48:36+00:00","dateModified":"2022-08-26T11:39:58+00:00","breadcrumb":{"@id":"https:\/\/www.gridky.com\/blog\/tout-connaitre-sur-le-bareme-dimposition-sur-le-revenu\/#breadcrumb"},"inLanguage":"fr-FR","potentialAction":[{"@type":"ReadAction","target":["https:\/\/www.gridky.com\/blog\/tout-connaitre-sur-le-bareme-dimposition-sur-le-revenu\/"]}]},{"@type":"BreadcrumbList","@id":"https:\/\/www.gridky.com\/blog\/tout-connaitre-sur-le-bareme-dimposition-sur-le-revenu\/#breadcrumb","itemListElement":[{"@type":"ListItem","position":1,"name":"Accueil","item":"https:\/\/www.gridky.com\/blog\/"},{"@type":"ListItem","position":2,"name":"Tout conna\u00eetre sur le bar\u00e8me d&rsquo;imposition sur le revenu"}]},{"@type":"WebSite","@id":"https:\/\/www.gridky.com\/blog\/#website","url":"https:\/\/www.gridky.com\/blog\/","name":"Gridky blog","description":"","potentialAction":[{"@type":"SearchAction","target":{"@type":"EntryPoint","urlTemplate":"https:\/\/www.gridky.com\/blog\/?s={search_term_string}"},"query-input":"required name=search_term_string"}],"inLanguage":"fr-FR"}]}},"_links":{"self":[{"href":"https:\/\/www.gridky.com\/blog\/wp-json\/wp\/v2\/pages\/14582"}],"collection":[{"href":"https:\/\/www.gridky.com\/blog\/wp-json\/wp\/v2\/pages"}],"about":[{"href":"https:\/\/www.gridky.com\/blog\/wp-json\/wp\/v2\/types\/page"}],"author":[{"embeddable":true,"href":"https:\/\/www.gridky.com\/blog\/wp-json\/wp\/v2\/users\/13"}],"replies":[{"embeddable":true,"href":"https:\/\/www.gridky.com\/blog\/wp-json\/wp\/v2\/comments?post=14582"}],"version-history":[{"count":4,"href":"https:\/\/www.gridky.com\/blog\/wp-json\/wp\/v2\/pages\/14582\/revisions"}],"predecessor-version":[{"id":14612,"href":"https:\/\/www.gridky.com\/blog\/wp-json\/wp\/v2\/pages\/14582\/revisions\/14612"}],"wp:featuredmedia":[{"embeddable":true,"href":"https:\/\/www.gridky.com\/blog\/wp-json\/wp\/v2\/media\/14607"}],"wp:attachment":[{"href":"https:\/\/www.gridky.com\/blog\/wp-json\/wp\/v2\/media?parent=14582"}],"curies":[{"name":"wp","href":"https:\/\/api.w.org\/{rel}","templated":true}]}}