{"id":13792,"date":"2022-07-12T17:24:48","date_gmt":"2022-07-12T15:24:48","guid":{"rendered":"https:\/\/www.gridky.com\/blog\/?page_id=13792"},"modified":"2022-07-21T16:05:00","modified_gmt":"2022-07-21T14:05:00","slug":"les-raisons-de-se-faire-accompagner-par-un-professionnel-pour-vendre-a-un-promoteur","status":"publish","type":"page","link":"https:\/\/www.gridky.com\/blog\/les-raisons-de-se-faire-accompagner-par-un-professionnel-pour-vendre-a-un-promoteur\/","title":{"rendered":"Terrain \u00e0 vendre : comment r\u00e9ussir votre vente \u00e0 un promoteur immobilier"},"content":{"rendered":"<h1>I. Se tourner vers un professionnel est un choix judicieux<\/h1>\n<h2>I.1. Les avantages<\/h2>\n<p>Faire le choix de se tourner vers un professionnel afin de vendre sa maison ou son terrain \u00e0 un promoteur immobilier se r\u00e9v\u00e8le \u00eatre un choix judicieux. Vous pourrez ainsi b\u00e9n\u00e9ficier au mieux de son savoir-faire et de ses comp\u00e9tences car c\u2019est son domaine d\u2019expertise. Il doit vous <strong>permettre de d\u2019effectuer la meilleure vente possible<\/strong> selon les conditions propos\u00e9es, la r\u00e9alit\u00e9 \u00e9conomique, les probl\u00e9matiques de l&rsquo;acheteur et les injonctions ainsi que souhaits du vendeur. Afin de r\u00e9aliser une \u00e9valuation de son terrain ou sa maison, le professionnel auquel vous avez fait appel doit \u00eatre en mesurer d\u2019\u00e9laborer un budget de promotion immobili\u00e8re. Il doit donc mener des \u00e9tudes pour vous pr\u00e9senter les diff\u00e9rentes possibilit\u00e9s de prix \u00e0 la vente et en indiquant les param\u00e8tres de risque et d\u2019analyse en vous exposant au mieux les prix auxquels vous pouvez vous attendre. Son objectif est de mod\u00e9liser les projets, de faire une interpr\u00e9tation des \u00e9l\u00e9ments d\u2019urbanismes r\u00e9glementaires et implicites et de fonder une vraie programmation coh\u00e9rente.<\/p>\n<p>Par ailleurs parmi les avantages de se faire guider par un professionnel, nous pouvons citer le fait qu\u2019il restera objectif, en \u00e9tant transparent et clair quant \u00e0 ses propos au moment o\u00f9 la vente est en cours. L\u2019honn\u00eatet\u00e9 et la confiance font partie des \u00e9l\u00e9ments cl\u00e9s pour conclure favorablement. Il dispose \u00e9galement des connaissances juridiques techniques inh\u00e9rents \u00e0 la vente car en effet r\u00e9aliser une vente pr\u00e8s d\u2019un promoteur immobilier requiert un certain nombre de savoirs. Il doit en effet \u00e9claircir le vendeur par rapport \u00e0 diff\u00e9rents \u00e9l\u00e9ments comme par exemple l\u2019explication du d\u00e9p\u00f4t de garantie, les \u00e9tapes d\u2019\u00e9change avec le service urbanisme aboutissant \u00e0 la vente \u2026<br \/>\nIl doit \u00eatre en capacit\u00e9 de vous apporter ses connaissances et ses meilleurs conseils pour vous offrir les meilleurs solutions et \u00e9galement de passer par l\u2019\u00e9tape de n\u00e9gociation avec le promoteur avec lequel vous aurez \u00e9tabli si vous avez confiance envers ses propos. Il doit \u00eatre en mesure d\u2019avoir une analyse pouss\u00e9e en ne prenant pas uniquement en compte l\u2019aspect lucratif du promoteur proposant la meilleure offre. Son but est que vous obteniez le meilleur gain d\u2019argent gr\u00e2ce au promoteur par le biais de la vente r\u00e9alis\u00e9e en trouvant un bon \u00e9quilibre entre risque et b\u00e9n\u00e9fice.<\/p>\n<p>En passant par un promoteur, vous optimisez vos chances de prendre la meilleure d\u00e9cision, en toute connaissance de cause pour pouvoir \u00e9viter l\u2019interminable biais de r\u00e9trospection quand le projet se porte mal. Une fois les n\u00e9gociations termin\u00e9es, vous allez signer avec le promoteur une promesse de vente. Vous vous engagerez alors \u00e0 vendre votre bien \u00e0 ce dernier \u00e0 un prix d\u00e9termin\u00e9 et \u00e0 lui en garantir l\u2019exclusivit\u00e9 pendant un temps limit\u00e9. Quand on vend sa maison \u00e0 un particulier, il suffit d\u2019<strong>attendre la date de fin de promesse de vente<\/strong>. C\u2019est diff\u00e9rent quand on vend sa maison \u00e0 un promoteur, qui peut revenir sur son prix en raison de difficult\u00e9s \u00e9conomiques. Pour b\u00e9n\u00e9ficier du meilleur prix de vente pour votre maison il est id\u00e9al que l\u2019acheteur soit un promoteur immobilier. Ses capacit\u00e9s financi\u00e8res lui permettent d\u2019acheter votre maison \u00e0 sa juste valeur.<\/p>\n<p>&nbsp;<\/p>\n<h2>I.2. Gain de temps consid\u00e9rable<\/h2>\n<p>Gr\u00e2ce \u00e0 votre conseilleur, vous obtiendrez un gain de temps consid\u00e9rable pour le montage de l\u2019op\u00e9ration ainsi que par rapport au jalonnement des diff\u00e9rentes \u00e9tapes dont le promoteur aura pris le temps de bien les organiser entre elles ce qui permet \u00e9galement d\u2019\u00eatre b\u00e9n\u00e9fique apr\u00e8s de l\u2019acheteur.<\/p>\n<p>Il faut compter au minimum 15 mois quant \u00e0 la dur\u00e9e du projet avant le paiement. Le promoteur exercera un <strong>r\u00f4le de suivi<\/strong> ce qui se r\u00e9v\u00e8le fondamental lorsque nous savons que la plupart des acheteurs ne mettent pas en place des conditions optimales de suivi. Il pourra ainsi g\u00e9rer l&rsquo;ensemble des \u00e9tapes en coordonnant tous les acteurs (promoteur, notaire, intervenants&#8230;) et tout en \u00e9tant pr\u00e9sent quand il faut sans avoir besoin d&rsquo;\u00eatre dans l&rsquo;urgence ou le besoin.<\/p>\n<p>&nbsp;<\/p>\n<p>&nbsp;<\/p>\n<p><img fetchpriority=\"high\" decoding=\"async\" class=\"\" src=\"https:\/\/cdn.pixabay.com\/photo\/2018\/01\/23\/06\/58\/modern-minimalist-lounge-3100785_960_720.jpg\" srcset=\"https:\/\/cdn.pixabay.com\/photo\/2018\/01\/23\/06\/58\/modern-minimalist-lounge-3100785_960_720.jpg 1x, https:\/\/cdn.pixabay.com\/photo\/2018\/01\/23\/06\/58\/modern-minimalist-lounge-3100785_1280.jpg 2x\" alt=\"Photos gratuites de Minimaliste moderne salon\" width=\"1433\" height=\"869\" \/><\/p>\n<p>&nbsp;<\/p>\n<h1>II. Viabiliser son terrain<\/h1>\n<h2>II. 1. Pourquoi et comment le viabiliser ?<\/h2>\n<p>Afin d\u2019optimiser ses chances de vendre un terrain, il faut le viabiliser. Cela signifie que tout doit \u00eatre en ordre, les raccordements aux r\u00e9seaux d\u2019eau potable, de gaz, d\u2019\u00e9lectricit\u00e9, d\u2019assainissement et de t\u00e9l\u00e9phone vont devoir \u00eatre install\u00e9s. Le terrain doit aussi disposer d\u2019un acc\u00e8s facile, par le biais d\u2019une voie d\u2019acc\u00e8s pour pi\u00e9tons, v\u00e9hicules ou engins. Un terrain est donc dit viabilis\u00e9 lorsque les travaux de construction d\u2019une maison peuvent tout de suite y \u00eatre men\u00e9s. Si votre terrain n\u2019est pas viabilis\u00e9, vous allez devoir en tout premier lieu contacter la mairie. Vous devez vous <strong>procurer le certificat d\u2019urbanisme pr\u00e9-op\u00e9rationnel de la commune<\/strong>. Il est d\u00e9livr\u00e9 gratuitement et vous permettra de savoir si votre terrain est viabilisable et dans quelles conditions.<\/p>\n<p>Il est n\u00e9cessaire de s&rsquo;adresser \u00e0 la mairie afin de demander le raccordement de l&rsquo;eau et du tout-\u00e0-l&rsquo;\u00e9gout. S\u2019il est impossible d\u2019\u00eatre raccord\u00e9 au r\u00e9seau d\u2019assainissement, en raison d\u2019un trop grand \u00e9loignement par exemple, vous devrez faire construire une fosse septique.<\/p>\n<p>Les travaux effectu\u00e9s sur les parties publiques restent \u00e0 la charge de la commune tant pour l&rsquo;eau que pour l&rsquo;assainissement, mais ous devrez \u00e9ventuellement vous acquitter de taxes et les parties priv\u00e9es sont \u00e0 votre charge.<\/p>\n<p>En ce qui concerne l\u2019\u00e9lectricit\u00e9, il faut que vous remplissiez le formulaire de raccordement, afin d\u2019obtenir un devis et vous engager \u00e0 assumer le co\u00fbt. Pour le gaz, le cas \u00e9ch\u00e9ant, la d\u00e9marche est identique.<\/p>\n<p>&nbsp;<\/p>\n<h2><img decoding=\"async\" class=\"spacing_noMargin__Q_PsJ PhotoZoom_image__iR_Ia\" src=\"https:\/\/images.pexels.com\/photos\/6585598\/pexels-photo-6585598.jpeg?auto=compress&amp;cs=tinysrgb&amp;w=1260&amp;h=750&amp;dpr=1\" srcset=\"https:\/\/images.pexels.com\/photos\/6585598\/pexels-photo-6585598.jpeg?auto=compress&amp;cs=tinysrgb&amp;w=1260&amp;h=750&amp;dpr=1 1x, https:\/\/images.pexels.com\/photos\/6585598\/pexels-photo-6585598.jpeg?auto=compress&amp;cs=tinysrgb&amp;w=1260&amp;h=750&amp;dpr=2 2x\" alt=\"Free Photos gratuites de appartement, branch\u00e9, canap\u00e9 Stock Photo\" width=\"4693\" height=\"3083\" \/><\/h2>\n<h2>II. 2. Quel est le co\u00fbt de la viabilisation d&rsquo;un terrain ?<\/h2>\n<h3>Le r\u00e9seau d&rsquo;eau<\/h3>\n<p>Dans un premier temps, vous devez faire appeler \u00e0 la mairie afin de raccorder votre terrain au r\u00e9seau de distribution d\u2019eau potable. Vous <strong>obtiendrez ainsi tous les papiers administratifs et renseignements n\u00e9cessaires<\/strong>. Puis, en ce qui concerne la r\u00e9alisation des travaux, vous serez aussi mis en relation avec l\u2019entreprise de distribution d\u2019eau comp\u00e9tente .<\/p>\n<p>D\u00e8s lors que la mairie adh\u00e8re \u00e0 la demande sera approuv\u00e9e par la mairie, un devis sera \u00e9dit\u00e9 et les travaux pourront d\u00e9buter. Il faut compter un prix moyen de 1500\u20ac pour le raccordement au r\u00e9seau d\u2019eau co\u00fbte 1500\u20ac. En revanche, si l&#8217;emplacement de votre terrain est situ\u00e9 loin de la ville, le co\u00fbt sera plus \u00e9lev\u00e9.<\/p>\n<p>&nbsp;<\/p>\n<h3>Le r\u00e9seau \u00e9lectrique<\/h3>\n<p>Vous devez vous adresser aupr\u00e8s d&rsquo;un gestionnaire du r\u00e9seau de distribution de l&rsquo;\u00e9lectricit\u00e9 par rapport aux d\u00e9marches pour raccorder l\u2019\u00e9lectricit\u00e9 \u00e0 votre terrain. Un technicien interviendra afin de r\u00e9aliser une \u00e9tude de votre terrain. Puis, vous obtiendrez ensuite un <strong>devis d&rsquo;une validit\u00e9 de trois mois<\/strong>. Une fois accept\u00e9, les travaux d\u00e9buteront par la pose d\u2019un coffre \u00e9lectrique en bordure de votre terrain puis le raccordement de votre domicile au r\u00e9seau \u00e9lectrique public. Le prix moyen de ces travaux s&rsquo;\u00e9l\u00e8vent \u00e0 1000\u20ac. Cependant, si vous \u00eates \u00e9loign\u00e9 du r\u00e9seau, le co\u00fbt augmentera \u00e9galement.<\/p>\n<p>&nbsp;<\/p>\n<h3>Le gaz de ville<\/h3>\n<p>Il faut suivre la m\u00eame proc\u00e9dure pour raccorder votre domicile au r\u00e9seau de gaz. <strong>La demande s&rsquo;effectue aupr\u00e8s du r\u00e9seau de distribution de gaz<\/strong>. Vous devrez donc effectuer une demande aupr\u00e8s du r\u00e9seau de distribution de gaz qui r\u00e9alisera une \u00e9tude de votre terrain avant de vous faire parvenir un devis.<\/p>\n<p>Le prix moyen de la liaison au r\u00e9seau de gaz est estim\u00e9 entre 300\u20ac et 1000\u20ac. Plus vous serez \u00e9loign\u00e9 de la source de gaz, plus le tarif sera \u00e9lev\u00e9.<\/p>\n<h2><\/h2>\n<h3><span id=\"Prix_du_raccordement_au_tout-a-lrsquoegout\">Assainissement<br \/>\n<\/span><\/h3>\n<p>Il existe <strong>deux cas de raccordement de l&rsquo;assainissement<\/strong>. Tout d&rsquo;abord, il y a le raccordement au tout-\u00e0-l&rsquo;\u00e9gout lorsque votre terrain est situ\u00e9 \u00e0 proximit\u00e9 du r\u00e9seau public. Puis dans le cas o\u00f9 il n\u2019y a pas d\u2019acc\u00e8s au r\u00e9seau public, il faut alors opter pour un assainissement individuel comme une fosse septique ou une micro-station d\u2019\u00e9puration.<\/p>\n<p>Vous devez aller \u00e0 la mairie pour r\u00e9aliser la liaison au tout-\u00e0-l\u2019\u00e9gout. Vous recevrez les diff\u00e9rents formulaire n\u00e9cessaires \u00e0 votre demande de la part de l\u2019administration et vous mettra en relation avec l\u2019entreprise de distribution la plus ad\u00e9quate. Apr\u00e8s l&rsquo;\u00e9tude de votre terrain par un technicien, vous obtiendrez un devis.<\/p>\n<p>La r\u00e9alisation d\u2019un raccordement au r\u00e9seau d\u2019assainissement public repr\u00e9sente un budget cons\u00e9quent. En effet, les tarifs sont compris entre 3000\u20ac \u00e0 5000\u20ac. \u00c9galement, certaines mairies peuvent mettre en place des taxes cons\u00e9cutives au raccordement et \u00e0 l\u2019usage du r\u00e9seau public.<\/p>\n<figure id=\"attachment_4329\" class=\"wp-caption aligncenter\" aria-describedby=\"caption-attachment-4329\"><\/figure>\n<p>&nbsp;<\/p>\n<p>N&rsquo;h\u00e9sitez pas \u00e0 prendre contact avec nous depuis ce <a href=\"https:\/\/www.gridky.com\/nous-contacter\">lien.<\/a><\/p>\n<p>&nbsp;<\/p>\n<p>&nbsp;<\/p>\n","protected":false},"excerpt":{"rendered":"<p>I. Se tourner vers un professionnel est un choix judicieux I.1. Les avantages Faire le choix de se tourner vers un professionnel afin de vendre sa maison ou son terrain \u00e0 un promoteur immobilier se r\u00e9v\u00e8le \u00eatre un choix judicieux. Vous pourrez ainsi b\u00e9n\u00e9ficier au mieux de son savoir-faire et de ses comp\u00e9tences car c\u2019est&hellip;<\/p>\n","protected":false},"author":13,"featured_media":0,"parent":0,"menu_order":0,"comment_status":"closed","ping_status":"closed","template":"","meta":[],"yoast_head":"<!-- This site is optimized with the Yoast SEO plugin v19.13 - https:\/\/yoast.com\/wordpress\/plugins\/seo\/ -->\n<title>Terrain \u00e0 vendre : comment r\u00e9ussir votre vente \u00e0 un promoteur immobilier - Gridky blog<\/title>\n<meta name=\"robots\" content=\"index, follow, max-snippet:-1, max-image-preview:large, max-video-preview:-1\" \/>\n<link rel=\"canonical\" href=\"https:\/\/www.gridky.com\/blog\/les-raisons-de-se-faire-accompagner-par-un-professionnel-pour-vendre-a-un-promoteur\/\" \/>\n<meta property=\"og:locale\" content=\"fr_FR\" \/>\n<meta property=\"og:type\" content=\"article\" \/>\n<meta property=\"og:title\" content=\"Terrain \u00e0 vendre : comment r\u00e9ussir votre vente \u00e0 un promoteur immobilier - Gridky blog\" \/>\n<meta property=\"og:description\" content=\"I. Se tourner vers un professionnel est un choix judicieux I.1. Les avantages Faire le choix de se tourner vers un professionnel afin de vendre sa maison ou son terrain \u00e0 un promoteur immobilier se r\u00e9v\u00e8le \u00eatre un choix judicieux. Vous pourrez ainsi b\u00e9n\u00e9ficier au mieux de son savoir-faire et de ses comp\u00e9tences car c\u2019est&hellip;\" \/>\n<meta property=\"og:url\" content=\"https:\/\/www.gridky.com\/blog\/les-raisons-de-se-faire-accompagner-par-un-professionnel-pour-vendre-a-un-promoteur\/\" \/>\n<meta property=\"og:site_name\" content=\"Gridky blog\" \/>\n<meta property=\"article:modified_time\" content=\"2022-07-21T14:05:00+00:00\" \/>\n<meta property=\"og:image\" content=\"https:\/\/cdn.pixabay.com\/photo\/2018\/01\/23\/06\/58\/modern-minimalist-lounge-3100785_960_720.jpg\" \/>\n<meta name=\"twitter:card\" content=\"summary_large_image\" \/>\n<meta name=\"twitter:label1\" content=\"Dur\u00e9e de lecture estim\u00e9e\" \/>\n\t<meta name=\"twitter:data1\" content=\"7 minutes\" \/>\n<script type=\"application\/ld+json\" class=\"yoast-schema-graph\">{\"@context\":\"https:\/\/schema.org\",\"@graph\":[{\"@type\":\"WebPage\",\"@id\":\"https:\/\/www.gridky.com\/blog\/les-raisons-de-se-faire-accompagner-par-un-professionnel-pour-vendre-a-un-promoteur\/\",\"url\":\"https:\/\/www.gridky.com\/blog\/les-raisons-de-se-faire-accompagner-par-un-professionnel-pour-vendre-a-un-promoteur\/\",\"name\":\"Terrain \u00e0 vendre : comment r\u00e9ussir votre vente \u00e0 un promoteur immobilier - Gridky blog\",\"isPartOf\":{\"@id\":\"https:\/\/www.gridky.com\/blog\/#website\"},\"datePublished\":\"2022-07-12T15:24:48+00:00\",\"dateModified\":\"2022-07-21T14:05:00+00:00\",\"breadcrumb\":{\"@id\":\"https:\/\/www.gridky.com\/blog\/les-raisons-de-se-faire-accompagner-par-un-professionnel-pour-vendre-a-un-promoteur\/#breadcrumb\"},\"inLanguage\":\"fr-FR\",\"potentialAction\":[{\"@type\":\"ReadAction\",\"target\":[\"https:\/\/www.gridky.com\/blog\/les-raisons-de-se-faire-accompagner-par-un-professionnel-pour-vendre-a-un-promoteur\/\"]}]},{\"@type\":\"BreadcrumbList\",\"@id\":\"https:\/\/www.gridky.com\/blog\/les-raisons-de-se-faire-accompagner-par-un-professionnel-pour-vendre-a-un-promoteur\/#breadcrumb\",\"itemListElement\":[{\"@type\":\"ListItem\",\"position\":1,\"name\":\"Accueil\",\"item\":\"https:\/\/www.gridky.com\/blog\/\"},{\"@type\":\"ListItem\",\"position\":2,\"name\":\"Terrain \u00e0 vendre : comment r\u00e9ussir votre vente \u00e0 un promoteur immobilier\"}]},{\"@type\":\"WebSite\",\"@id\":\"https:\/\/www.gridky.com\/blog\/#website\",\"url\":\"https:\/\/www.gridky.com\/blog\/\",\"name\":\"Gridky blog\",\"description\":\"\",\"potentialAction\":[{\"@type\":\"SearchAction\",\"target\":{\"@type\":\"EntryPoint\",\"urlTemplate\":\"https:\/\/www.gridky.com\/blog\/?s={search_term_string}\"},\"query-input\":\"required name=search_term_string\"}],\"inLanguage\":\"fr-FR\"}]}<\/script>\n<!-- \/ Yoast SEO plugin. -->","yoast_head_json":{"title":"Terrain \u00e0 vendre : comment r\u00e9ussir votre vente \u00e0 un promoteur immobilier - Gridky blog","robots":{"index":"index","follow":"follow","max-snippet":"max-snippet:-1","max-image-preview":"max-image-preview:large","max-video-preview":"max-video-preview:-1"},"canonical":"https:\/\/www.gridky.com\/blog\/les-raisons-de-se-faire-accompagner-par-un-professionnel-pour-vendre-a-un-promoteur\/","og_locale":"fr_FR","og_type":"article","og_title":"Terrain \u00e0 vendre : comment r\u00e9ussir votre vente \u00e0 un promoteur immobilier - Gridky blog","og_description":"I. Se tourner vers un professionnel est un choix judicieux I.1. Les avantages Faire le choix de se tourner vers un professionnel afin de vendre sa maison ou son terrain \u00e0 un promoteur immobilier se r\u00e9v\u00e8le \u00eatre un choix judicieux. Vous pourrez ainsi b\u00e9n\u00e9ficier au mieux de son savoir-faire et de ses comp\u00e9tences car c\u2019est&hellip;","og_url":"https:\/\/www.gridky.com\/blog\/les-raisons-de-se-faire-accompagner-par-un-professionnel-pour-vendre-a-un-promoteur\/","og_site_name":"Gridky blog","article_modified_time":"2022-07-21T14:05:00+00:00","og_image":[{"url":"https:\/\/cdn.pixabay.com\/photo\/2018\/01\/23\/06\/58\/modern-minimalist-lounge-3100785_960_720.jpg"}],"twitter_card":"summary_large_image","twitter_misc":{"Dur\u00e9e de lecture estim\u00e9e":"7 minutes"},"schema":{"@context":"https:\/\/schema.org","@graph":[{"@type":"WebPage","@id":"https:\/\/www.gridky.com\/blog\/les-raisons-de-se-faire-accompagner-par-un-professionnel-pour-vendre-a-un-promoteur\/","url":"https:\/\/www.gridky.com\/blog\/les-raisons-de-se-faire-accompagner-par-un-professionnel-pour-vendre-a-un-promoteur\/","name":"Terrain \u00e0 vendre : comment r\u00e9ussir votre vente \u00e0 un promoteur immobilier - Gridky blog","isPartOf":{"@id":"https:\/\/www.gridky.com\/blog\/#website"},"datePublished":"2022-07-12T15:24:48+00:00","dateModified":"2022-07-21T14:05:00+00:00","breadcrumb":{"@id":"https:\/\/www.gridky.com\/blog\/les-raisons-de-se-faire-accompagner-par-un-professionnel-pour-vendre-a-un-promoteur\/#breadcrumb"},"inLanguage":"fr-FR","potentialAction":[{"@type":"ReadAction","target":["https:\/\/www.gridky.com\/blog\/les-raisons-de-se-faire-accompagner-par-un-professionnel-pour-vendre-a-un-promoteur\/"]}]},{"@type":"BreadcrumbList","@id":"https:\/\/www.gridky.com\/blog\/les-raisons-de-se-faire-accompagner-par-un-professionnel-pour-vendre-a-un-promoteur\/#breadcrumb","itemListElement":[{"@type":"ListItem","position":1,"name":"Accueil","item":"https:\/\/www.gridky.com\/blog\/"},{"@type":"ListItem","position":2,"name":"Terrain \u00e0 vendre : comment r\u00e9ussir votre vente \u00e0 un promoteur immobilier"}]},{"@type":"WebSite","@id":"https:\/\/www.gridky.com\/blog\/#website","url":"https:\/\/www.gridky.com\/blog\/","name":"Gridky blog","description":"","potentialAction":[{"@type":"SearchAction","target":{"@type":"EntryPoint","urlTemplate":"https:\/\/www.gridky.com\/blog\/?s={search_term_string}"},"query-input":"required name=search_term_string"}],"inLanguage":"fr-FR"}]}},"_links":{"self":[{"href":"https:\/\/www.gridky.com\/blog\/wp-json\/wp\/v2\/pages\/13792"}],"collection":[{"href":"https:\/\/www.gridky.com\/blog\/wp-json\/wp\/v2\/pages"}],"about":[{"href":"https:\/\/www.gridky.com\/blog\/wp-json\/wp\/v2\/types\/page"}],"author":[{"embeddable":true,"href":"https:\/\/www.gridky.com\/blog\/wp-json\/wp\/v2\/users\/13"}],"replies":[{"embeddable":true,"href":"https:\/\/www.gridky.com\/blog\/wp-json\/wp\/v2\/comments?post=13792"}],"version-history":[{"count":16,"href":"https:\/\/www.gridky.com\/blog\/wp-json\/wp\/v2\/pages\/13792\/revisions"}],"predecessor-version":[{"id":13956,"href":"https:\/\/www.gridky.com\/blog\/wp-json\/wp\/v2\/pages\/13792\/revisions\/13956"}],"wp:attachment":[{"href":"https:\/\/www.gridky.com\/blog\/wp-json\/wp\/v2\/media?parent=13792"}],"curies":[{"name":"wp","href":"https:\/\/api.w.org\/{rel}","templated":true}]}}