{"id":13658,"date":"2022-07-08T16:37:02","date_gmt":"2022-07-08T14:37:02","guid":{"rendered":"https:\/\/www.gridky.com\/blog\/?page_id=13658"},"modified":"2022-07-21T16:18:27","modified_gmt":"2022-07-21T14:18:27","slug":"les-revenus-fonciers","status":"publish","type":"page","link":"https:\/\/www.gridky.com\/blog\/les-revenus-fonciers\/","title":{"rendered":"Les revenus fonciers"},"content":{"rendered":"<h1>I. Tout savoir sur les revenus fonciers<\/h1>\n<h2><strong>I.1 La d\u00e9finition des revenus fonciers et les charges d\u00e9ductibles<\/strong><\/h2>\n<p><span class=\"_aacl _aaco _aacu _aacx _aad7 _aade\">Les revenus fonciers sont ceux g\u00e9n\u00e9r\u00e9s par la location vide. Ce sont les loyers encaiss\u00e9s, les d\u00e9penses mises \u00e0 la charge de votre locataire et les revenus accessoires \u00e0 la location qui sont pris en consid\u00e9ration. <\/span><span class=\"_aacl _aaco _aacu _aacx _aad7 _aade\">La d\u00e9pense doit \u00eatre en relation avec un revenu foncier faisant l&rsquo;objet d&rsquo;un <strong>contrat de location<\/strong>. Autrement dit, vous ne pouvez d\u00e9duire une charge lorsqu&rsquo;il s&rsquo;agit d&rsquo;un logement vacant ou un logement dont vous vous r\u00e9servez la disposition, qu&rsquo;il s&rsquo;agisse de votre r\u00e9sidence principale ou secondaire. <\/span>Elle doit \u00eatre r\u00e9gl\u00e9e au cours de l&rsquo;ann\u00e9e de la perception du revenu foncier et doit avoir un caract\u00e8re justifiable.<\/p>\n<p>Il existe plusieurs<strong> cat\u00e9gories<\/strong> de charges d\u00e9ductibles des revenus fonciers.<\/p>\n<p>&#8211; Les d\u00e9penses d&rsquo;entretien et de r\u00e9paration : elles sont relatives aux travaux permettant de remettre ou de maintenir le bien immobilier en bon \u00e9tat. Si ceux-ci incombent aux locataires, leurs frais ne pourront pas \u00eatre imput\u00e9s sur les revenus fonciers sauf s\u2019ils ont \u00e9t\u00e9 engag\u00e9s pour faciliter la mise en location du logement, s\u2019ils sont rendus n\u00e9cessaires par la force majeure ou par la v\u00e9tust\u00e9 du bien, ou s\u2019ils sont li\u00e9s \u00e0 une malfa\u00e7on ou \u00e0 un vice de construction ;<\/p>\n<p>&#8211; Les frais de gestion : r\u00e9mun\u00e9ration du gardien ou concierge, frais de mandat de gestion locative ou de proc\u00e9dure\u2026 Toutes ces charges peuvent venir r\u00e9duire l\u2019imposition des revenus fonciers ;<\/p>\n<p>&#8211; Les travaux d&rsquo;am\u00e9lioration : attention, les frais engag\u00e9s ne doivent pas correspondre \u00e0 des \u0153uvres visant \u00e0 agrandir, reconstruire ou construire le bien, mais seulement \u00e0 l\u2019installation d\u2019\u00e9quipements suppl\u00e9mentaires, comme par exemple la pose d\u2019un ascenseur ;<\/p>\n<p>&#8211; Les cotisations d&rsquo;assurance : telles qu\u2019assurance habitation, impay\u00e9s de loyers ou assurance de pr\u00eat ;<\/p>\n<p>&#8211; Les taxes incombant au propri\u00e9taire dont la taxe fonci\u00e8re et les taxes annexes<\/p>\n<p>&#8211; Les provisions pour charges de copropri\u00e9t\u00e9 : elles sont d\u00e9ductibles des revenus locatifs pour l\u2019ann\u00e9e au cours de laquelle elles sont vers\u00e9es ;<\/p>\n<p>&#8211; Les int\u00e9r\u00eats d&#8217;emprunts : sont seulement d\u00e9ductibles les int\u00e9r\u00eats et non les mensualit\u00e9s que vous versez pour rembourser votre cr\u00e9dit immobilier.<\/p>\n<p>&nbsp;<\/p>\n<h3 id=\"section2\" class=\"MuiTypography-root sc-1yshuw5-0 ewhZG sc-nx55o8-2 iTRAgl MuiTypography-h4\"><strong><img fetchpriority=\"high\" decoding=\"async\" class=\"alignnone size-full wp-image-13665\" src=\"https:\/\/www.gridky.com\/blog\/wp-content\/uploads\/2022\/07\/interior-g5b7d41e95_1920.jpg\" alt=\"\" width=\"1920\" height=\"888\" srcset=\"https:\/\/www.gridky.com\/blog\/wp-content\/uploads\/2022\/07\/interior-g5b7d41e95_1920.jpg 1920w, https:\/\/www.gridky.com\/blog\/wp-content\/uploads\/2022\/07\/interior-g5b7d41e95_1920-300x139.jpg 300w, https:\/\/www.gridky.com\/blog\/wp-content\/uploads\/2022\/07\/interior-g5b7d41e95_1920-1024x474.jpg 1024w, https:\/\/www.gridky.com\/blog\/wp-content\/uploads\/2022\/07\/interior-g5b7d41e95_1920-768x355.jpg 768w, https:\/\/www.gridky.com\/blog\/wp-content\/uploads\/2022\/07\/interior-g5b7d41e95_1920-1536x710.jpg 1536w\" sizes=\"(max-width: 1920px) 100vw, 1920px\" \/><\/strong><\/h3>\n<h3><\/h3>\n<h2 class=\"MuiTypography-root sc-1yshuw5-0 ewhZG sc-nx55o8-2 iTRAgl MuiTypography-h4\"><strong>I.2 Comment d\u00e9clarer et calculer ses revenus fonciers ?<\/strong><\/h2>\n<p>Tous les ans, vers avril\/mai, une d\u00e9claration est envoy\u00e9 aux contribuables re\u00e7oivent une <span class=\"sc-rn54lb-0 hRGPu\">d\u00e9claration d&rsquo;imp\u00f4t qui est<\/span> \u00e0 remplir et \u00e0 renvoyer. La d\u00e9claration de tous vos revenus, fonciers ou autres, s&rsquo;effectue par le biais du <strong>formulaire Cerfa n\u00b02042<\/strong>. Il est \u00e0 savoir que cette premi\u00e8re d\u00e9marche est obligatoire pour tous les propri\u00e9taires, quel que soit le r\u00e9gime d&rsquo;imposition choisi. Puis en fonction des cas, d&rsquo;autres formulaires annexes de d\u00e9clarations devront \u00eatre remplis :<\/p>\n<p>&#8211; Pour le r\u00e9gime d&rsquo;imposition r\u00e9el : d\u00e9claration pour les revenus fonciers n\u00b02044, qui sera ensuite annex\u00e9e \u00e0 sa d\u00e9claration g\u00e9n\u00e9rale.<\/p>\n<p>&#8211; Investissement dans un bien immobilier dans le cadre d&rsquo;un programme d&rsquo;incitation ou de d\u00e9duction fiscale (Pinel, outre-mer) : d\u00e9claration n\u00b02044-SPE.<\/p>\n<p>Les revenus fonciers nets sont impos\u00e9s \u00e0 l\u2019imp\u00f4t sur le revenu. Il convient de d\u00e9finir le revenu foncier net avant de pouvoir effectuer les calculs de cet imp\u00f4t. Le calcul repose sur la diff\u00e9rence entre vos revenus per\u00e7us et les diff\u00e9rentes charges d\u00e9ductibles des revenus fonciers. Afin de d\u00e9finir les revenus que vous percevez, il s\u2019agit tout simplement des loyers que vous recevez dans le cadre de la location de votre bien immobilier. Les charges pr\u00e9sentent une d\u00e9finition plus complexe. Certaines sont d\u00e9ductibles, d\u2019autres non.<\/p>\n<p>&nbsp;<\/p>\n<h3><strong>Les charges qui sont d\u00e9ductibles de vos revenus fonciers<br \/>\n<\/strong><\/h3>\n<ul>\n<li>\u00a0Les frais d\u2019administration et de gestion (Frais pr\u00e9lev\u00e9s par une agence qui g\u00e8re votre bien\u2026). Pour synth\u00e9tiser, ce sont les frais qui sont pr\u00e9lev\u00e9s par l\u2019agence qui g\u00e8re votre bien au quotidien, si vous en avez s\u00e9lectionn\u00e9 une.<\/li>\n<li>\u00a0Les travaux sous condition (Attention, pour bien faire, pensez \u00e0 discuter avec nos experts). Les travaux d\u2019am\u00e9lioration et d\u2019entretien sont d\u00e9ductibles, mais ceux qui cr\u00e9ent de la surface ne le sont pas.<\/li>\n<li>Les indemnit\u00e9s et frais de relogement (Dans le cas ou vous indemniseriez un locataire\u2026). C\u2019est par exemple le cas lorsque vous r\u00e9cup\u00e9rez un appartement lou\u00e9 \u00e0 une personne \u00e2g\u00e9e. La relocation est \u00e0 votre charge.<\/li>\n<li>Les d\u00e9ductions sp\u00e9cifiques<\/li>\n<li>Les imp\u00f4ts (taxes fonci\u00e8res)<\/li>\n<li>Les primes d\u2019assurance<\/li>\n<li>Les charges de copropri\u00e9t\u00e9 sous condition<\/li>\n<li>Les int\u00e9r\u00eats et frais d\u2019emprunt (Tous les int\u00e9r\u00eats g\u00e9n\u00e9r\u00e9s par les cr\u00e9dits immobiliers. Attention, le cr\u00e9dit in fine se traitera comme un amortissable!)<\/li>\n<\/ul>\n<p>C&rsquo;est gr\u00e2ce \u00e0 tous ces \u00e9l\u00e9ments que vous serez en mesure de <strong>d\u00e9finir le r\u00e9sultat net foncier<\/strong> qui sera imposable \u00e0 votre imp\u00f4t sur le revenu, auquel s\u2019ajouteront les pr\u00e9l\u00e8vements sociaux. Attention, pour les travaux, selon leur nature, ils seront d\u00e9ductibles ou non. Les travaux gr\u00e2ce auxquels vous pourrez obtenir un gain en surface sont non d\u00e9ductibles. Quant aux travaux d\u2019entretien eux, ils sont d\u00e9ductibles.<\/p>\n<p>&nbsp;<\/p>\n<h1>II. Comment sont impos\u00e9s les loyers per\u00e7us ?<\/h1>\n<p>Il est \u00e0 savoir qu&rsquo;il existe deux r\u00e9gimes pour lesquels s&rsquo;appliquent les revenus foncier, le r\u00e9gime r\u00e9el et le r\u00e9gime microfoncier. Le calcul du r\u00e9sultat fiscal se fera gr\u00e2ce \u00e0 ces deux r\u00e9gimes qui sera impos\u00e9 dans les mains du propri\u00e9taire. Autrement dit <strong>la somme qui sera finalement impos\u00e9e<\/strong> (au titre des pr\u00e9l\u00e8vements sociaux et du bar\u00e8me progressif de l\u2019imp\u00f4t sur le revenu) d\u00e9pend du r\u00e9gime applicable aux revenus fonciers. Il faut imaginer que les revenus locatifs passent dans un filtre et qu\u2019il en ressort une certaine somme (qui constituera la base imposable), somme dont le montant diff\u00e8rera selon le filtre utilis\u00e9 (r\u00e9gime r\u00e9el simplifi\u00e9 ou r\u00e9gime micro).<\/p>\n<p>&nbsp;<\/p>\n<h2><strong>II.1. Le r\u00e9gime du microfoncier<\/strong><\/h2>\n<p>C&rsquo;est le r\u00e9gime s&rsquo;appliquant si la somme de vos loyers annuels per\u00e7us au titre de la location nue est inf\u00e9rieur \u00e0 un montant de 15\u00a0000 \u20ac. D\u00e8s lors que le total de ces revenus locatif est sup\u00e9rieur \u00e0 ce seuil, les revenus fonciers sont soumis au r\u00e9gime r\u00e9el. Afin de calculer le r\u00e9sultat imposable, il est n\u00e9cessaire dans un premier temps de tenir compte de la somme totale des loyers qui ont \u00e9t\u00e9 per\u00e7us par le propri\u00e9taire. Puis, il y a \u00e9galement une <strong>prise en charge forfaitaire des charges \u00e0 hauteur de 30% de ces revenus<\/strong>. Ce forfait de 30% est consid\u00e9r\u00e9 comme englobant la totalit\u00e9 des charges support\u00e9es par le propri\u00e9taire dans le cadre de la location de son bien. Le r\u00e9sultat fiscal (loyers per\u00e7us x 0,7) fera l\u2019objet de pr\u00e9l\u00e8vements sociaux \u00e0 hauteur de 17,2% et sera impos\u00e9, avec les autres revenus du foyer fiscal, au titre du bar\u00e8me progressif de l\u2019imp\u00f4t sur le revenu. Nous pouvons observer un all\u00e9gement des obligations d\u00e9claratives dans le cadre de ce r\u00e9gime et il suffira, pour le contribuable, de d\u00e9clarer son revenu foncier sur la d\u00e9claration d\u2019imp\u00f4t classique n\u00b0 2042.<\/p>\n<p>&nbsp;<\/p>\n<h2><strong>II.2. <\/strong><strong>Le r\u00e9gime du r\u00e9el foncier<\/strong><\/h2>\n<p>Lorsque vos revenus locatifs sont sup\u00e9rieurs \u00e0 15 000 \u20ac, c&rsquo;est le r\u00e9gime r\u00e9el foncier qui entre en jeu. Il faut toutefois pr\u00e9ciser que si les revenus locatifs sont inf\u00e9rieurs \u00e0 ce montant de 15 000 \u20ac, le contribuable dispose tout de m\u00eame de la possibilit\u00e9 <strong>d\u2019opter pour ce r\u00e9gime<\/strong>. L\u2019option vaut alors pour une dur\u00e9e de trois ans. L\u2019inverse n\u2019est cependant pas possible et un contribuable dont les revenus locatifs per\u00e7us au titre d\u2019une location nue exc\u00e8dent la somme de 15 000 \u20ac ne pourra pas opter pour le r\u00e9gime micro. Ce sont les charges qui ont \u00e9t\u00e9 r\u00e9ellement support\u00e9es par le propri\u00e9taire du bien dans le cadre de la location de celui-ci qui sont prises en consid\u00e9ration dans le cadre de ce r\u00e9gime. Ces charges sont aussi diverses que vari\u00e9es. Elles peuvent correspondre aux frais de r\u00e9paration et d\u2019entretien permettant de maintenir l\u2019immeuble en bon \u00e9tat d\u2019usage et de fonctionnement, aux charges de copropri\u00e9t\u00e9, aux taxes fonci\u00e8res support\u00e9es par le propri\u00e9taire ou encore aux int\u00e9r\u00eats d\u2019emprunt si le bien immobilier a \u00e9t\u00e9 financ\u00e9 \u00e0 l\u2019aide d\u2019un emprunt. Les obligations d\u00e9claratives sont plus complexes dans le cadre de ce r\u00e9gime et le contribuable devra d\u00e9clarer le revenu foncier sur une d\u00e9claration sp\u00e9ciale (la d\u00e9claration n\u00b0 2044), qui devra \u00eatre jointe \u00e0 la d\u00e9claration g\u00e9n\u00e9rale des revenus. C&rsquo;est un r\u00e9gime qui se montre int\u00e9ressant lorsque les charges support\u00e9es par le propri\u00e9taire d\u2019un immeuble lou\u00e9 nu sont tr\u00e8s importantes.<\/p>\n<p>&nbsp;<\/p>\n<h2><strong>II.3. <\/strong><strong>Le d\u00e9ficit foncier et ses avantages<\/strong><\/h2>\n<p>Le propri\u00e9taire d\u2019un bien mis en location se trouve dans une situation de d\u00e9ficit foncier lorsque les charges de propri\u00e9t\u00e9 qu\u2019il supporte (travaux de r\u00e9paration, charges d\u2019entretien, de copropri\u00e9t\u00e9, primes d\u2019assurances, int\u00e9r\u00eats d\u2019emprunt, taxe fonci\u00e8re\u2026) sont plus importantes que les loyers qu\u2019il per\u00e7oit. Ce d\u00e9ficit est, sous certaines conditions, imputable sur le revenu global, dans la limite de 10 700 euros par an en 2021 et \u00e0 condition que le bien soit lou\u00e9 jusqu\u2019au 31 d\u00e9cembre de la troisi\u00e8me ann\u00e9e qui suit l\u2019imputation du d\u00e9ficit. Le surplus \u00e9ventuel ainsi que la fraction du d\u00e9ficit r\u00e9sultant des int\u00e9r\u00eats d\u2019emprunts sont imputables sur les revenus fonciers des dix ann\u00e9es suivantes. Un contribuable ayant r\u00e9alis\u00e9 un investissement locatif peut donc utiliser le m\u00e9canisme du d\u00e9ficit foncier pour faire<strong> baisser le montant de son imp\u00f4t sur le revenu<\/strong>. Gros avantage de ce dispositif : il n\u2019est pas soumis au plafonnement global des niches fiscales \u00e0 10 000 euros de r\u00e9duction d\u2019imp\u00f4t par an. Lorsqu\u2019une ann\u00e9e votre d\u00e9ficit foncier minore votre revenu global, vous devez continuer de louer durant les 3 ann\u00e9es suivantes. Ainsi, pour des travaux r\u00e9alis\u00e9s en 2018 g\u00e9n\u00e9rant un d\u00e9ficit foncier, la location doit se poursuivre au moins jusqu\u2019au 31 d\u00e9cembre 2021. \u00c0 d\u00e9faut, le fisc recalcule votre imp\u00f4t des ann\u00e9es en cause en r\u00e9int\u00e9grant les sommes d\u00e9duites dans votre revenu global. Attention, si votre locataire quitte le logement durant cette p\u00e9riode, vous devez le relouer dans les meilleurs d\u00e9lais.<\/p>\n<p>&nbsp;<\/p>\n<div style=\"width: 840px;\" class=\"wp-video\"><!--[if lt IE 9]><script>document.createElement('video');<\/script><![endif]-->\n<video class=\"wp-video-shortcode\" id=\"video-13658-1\" width=\"840\" height=\"473\" preload=\"metadata\" controls=\"controls\"><source type=\"video\/mp4\" src=\"https:\/\/www.gridky.com\/blog\/wp-content\/uploads\/2022\/07\/Les-avantages-du-De\u0301ficit-Foncier2.mp4?_=1\" \/><a href=\"https:\/\/www.gridky.com\/blog\/wp-content\/uploads\/2022\/07\/Les-avantages-du-De\u0301ficit-Foncier2.mp4\">https:\/\/www.gridky.com\/blog\/wp-content\/uploads\/2022\/07\/Les-avantages-du-De\u0301ficit-Foncier2.mp4<\/a><\/video><\/div>\n<h3><\/h3>\n<h3>Pour aller plus loin retrouvez l&rsquo;int\u00e9gralit\u00e9 de nos webinaires sur le D\u00e9ficit Foncier qui vous permettront d&rsquo;approfondir le sujet<\/h3>\n<p>&nbsp;<\/p>\n<p><iframe title=\"Masterclass - D\u00e9ficit Foncier et Loi Monuments Historiques, Alexandre Bayart de Fran\u00e7ois 1er\" width=\"840\" height=\"473\" src=\"https:\/\/www.youtube.com\/embed\/a-sEL0g-g9E?feature=oembed\" frameborder=\"0\" allow=\"accelerometer; autoplay; clipboard-write; encrypted-media; gyroscope; picture-in-picture\" allowfullscreen><\/iframe><\/p>\n<p>N&rsquo;h\u00e9sitez pas \u00e0 prendre contact avec nous depuis ce <a href=\"https:\/\/www.gridky.com\/nous-contacter\">lien.<\/a><\/p>\n","protected":false},"excerpt":{"rendered":"<p>I. Tout savoir sur les revenus fonciers I.1 La d\u00e9finition des revenus fonciers et les charges d\u00e9ductibles Les revenus fonciers sont ceux g\u00e9n\u00e9r\u00e9s par la location vide. Ce sont les loyers encaiss\u00e9s, les d\u00e9penses mises \u00e0 la charge de votre locataire et les revenus accessoires \u00e0 la location qui sont pris en consid\u00e9ration. La d\u00e9pense&hellip;<\/p>\n","protected":false},"author":13,"featured_media":13663,"parent":0,"menu_order":0,"comment_status":"closed","ping_status":"closed","template":"","meta":[],"yoast_head":"<!-- This site is optimized with the Yoast SEO plugin v19.13 - https:\/\/yoast.com\/wordpress\/plugins\/seo\/ -->\n<title>Les revenus fonciers - Gridky blog<\/title>\n<meta name=\"robots\" content=\"index, follow, max-snippet:-1, max-image-preview:large, max-video-preview:-1\" \/>\n<link rel=\"canonical\" href=\"https:\/\/www.gridky.com\/blog\/les-revenus-fonciers\/\" \/>\n<meta property=\"og:locale\" content=\"fr_FR\" \/>\n<meta property=\"og:type\" content=\"article\" \/>\n<meta property=\"og:title\" content=\"Les revenus fonciers - Gridky blog\" \/>\n<meta property=\"og:description\" content=\"I. Tout savoir sur les revenus fonciers I.1 La d\u00e9finition des revenus fonciers et les charges d\u00e9ductibles Les revenus fonciers sont ceux g\u00e9n\u00e9r\u00e9s par la location vide. Ce sont les loyers encaiss\u00e9s, les d\u00e9penses mises \u00e0 la charge de votre locataire et les revenus accessoires \u00e0 la location qui sont pris en consid\u00e9ration. La d\u00e9pense&hellip;\" \/>\n<meta property=\"og:url\" content=\"https:\/\/www.gridky.com\/blog\/les-revenus-fonciers\/\" \/>\n<meta property=\"og:site_name\" content=\"Gridky blog\" \/>\n<meta property=\"article:modified_time\" content=\"2022-07-21T14:18:27+00:00\" \/>\n<meta property=\"og:image\" content=\"https:\/\/www.gridky.com\/blog\/wp-content\/uploads\/2022\/07\/blue-wall-in-an-empty-room-with-wooden-floor-scaled.jpg\" \/>\n\t<meta property=\"og:image:width\" content=\"2560\" \/>\n\t<meta property=\"og:image:height\" content=\"1656\" \/>\n\t<meta property=\"og:image:type\" content=\"image\/jpeg\" \/>\n<meta name=\"twitter:card\" content=\"summary_large_image\" \/>\n<meta name=\"twitter:label1\" content=\"Dur\u00e9e de lecture estim\u00e9e\" \/>\n\t<meta name=\"twitter:data1\" content=\"8 minutes\" \/>\n<script type=\"application\/ld+json\" class=\"yoast-schema-graph\">{\"@context\":\"https:\/\/schema.org\",\"@graph\":[{\"@type\":\"WebPage\",\"@id\":\"https:\/\/www.gridky.com\/blog\/les-revenus-fonciers\/\",\"url\":\"https:\/\/www.gridky.com\/blog\/les-revenus-fonciers\/\",\"name\":\"Les revenus fonciers - Gridky blog\",\"isPartOf\":{\"@id\":\"https:\/\/www.gridky.com\/blog\/#website\"},\"datePublished\":\"2022-07-08T14:37:02+00:00\",\"dateModified\":\"2022-07-21T14:18:27+00:00\",\"breadcrumb\":{\"@id\":\"https:\/\/www.gridky.com\/blog\/les-revenus-fonciers\/#breadcrumb\"},\"inLanguage\":\"fr-FR\",\"potentialAction\":[{\"@type\":\"ReadAction\",\"target\":[\"https:\/\/www.gridky.com\/blog\/les-revenus-fonciers\/\"]}]},{\"@type\":\"BreadcrumbList\",\"@id\":\"https:\/\/www.gridky.com\/blog\/les-revenus-fonciers\/#breadcrumb\",\"itemListElement\":[{\"@type\":\"ListItem\",\"position\":1,\"name\":\"Accueil\",\"item\":\"https:\/\/www.gridky.com\/blog\/\"},{\"@type\":\"ListItem\",\"position\":2,\"name\":\"Les revenus fonciers\"}]},{\"@type\":\"WebSite\",\"@id\":\"https:\/\/www.gridky.com\/blog\/#website\",\"url\":\"https:\/\/www.gridky.com\/blog\/\",\"name\":\"Gridky blog\",\"description\":\"\",\"potentialAction\":[{\"@type\":\"SearchAction\",\"target\":{\"@type\":\"EntryPoint\",\"urlTemplate\":\"https:\/\/www.gridky.com\/blog\/?s={search_term_string}\"},\"query-input\":\"required name=search_term_string\"}],\"inLanguage\":\"fr-FR\"}]}<\/script>\n<!-- \/ Yoast SEO plugin. -->","yoast_head_json":{"title":"Les revenus fonciers - Gridky blog","robots":{"index":"index","follow":"follow","max-snippet":"max-snippet:-1","max-image-preview":"max-image-preview:large","max-video-preview":"max-video-preview:-1"},"canonical":"https:\/\/www.gridky.com\/blog\/les-revenus-fonciers\/","og_locale":"fr_FR","og_type":"article","og_title":"Les revenus fonciers - Gridky blog","og_description":"I. Tout savoir sur les revenus fonciers I.1 La d\u00e9finition des revenus fonciers et les charges d\u00e9ductibles Les revenus fonciers sont ceux g\u00e9n\u00e9r\u00e9s par la location vide. Ce sont les loyers encaiss\u00e9s, les d\u00e9penses mises \u00e0 la charge de votre locataire et les revenus accessoires \u00e0 la location qui sont pris en consid\u00e9ration. La d\u00e9pense&hellip;","og_url":"https:\/\/www.gridky.com\/blog\/les-revenus-fonciers\/","og_site_name":"Gridky blog","article_modified_time":"2022-07-21T14:18:27+00:00","og_image":[{"width":2560,"height":1656,"url":"https:\/\/www.gridky.com\/blog\/wp-content\/uploads\/2022\/07\/blue-wall-in-an-empty-room-with-wooden-floor-scaled.jpg","type":"image\/jpeg"}],"twitter_card":"summary_large_image","twitter_misc":{"Dur\u00e9e de lecture estim\u00e9e":"8 minutes"},"schema":{"@context":"https:\/\/schema.org","@graph":[{"@type":"WebPage","@id":"https:\/\/www.gridky.com\/blog\/les-revenus-fonciers\/","url":"https:\/\/www.gridky.com\/blog\/les-revenus-fonciers\/","name":"Les revenus fonciers - Gridky blog","isPartOf":{"@id":"https:\/\/www.gridky.com\/blog\/#website"},"datePublished":"2022-07-08T14:37:02+00:00","dateModified":"2022-07-21T14:18:27+00:00","breadcrumb":{"@id":"https:\/\/www.gridky.com\/blog\/les-revenus-fonciers\/#breadcrumb"},"inLanguage":"fr-FR","potentialAction":[{"@type":"ReadAction","target":["https:\/\/www.gridky.com\/blog\/les-revenus-fonciers\/"]}]},{"@type":"BreadcrumbList","@id":"https:\/\/www.gridky.com\/blog\/les-revenus-fonciers\/#breadcrumb","itemListElement":[{"@type":"ListItem","position":1,"name":"Accueil","item":"https:\/\/www.gridky.com\/blog\/"},{"@type":"ListItem","position":2,"name":"Les revenus fonciers"}]},{"@type":"WebSite","@id":"https:\/\/www.gridky.com\/blog\/#website","url":"https:\/\/www.gridky.com\/blog\/","name":"Gridky blog","description":"","potentialAction":[{"@type":"SearchAction","target":{"@type":"EntryPoint","urlTemplate":"https:\/\/www.gridky.com\/blog\/?s={search_term_string}"},"query-input":"required name=search_term_string"}],"inLanguage":"fr-FR"}]}},"_links":{"self":[{"href":"https:\/\/www.gridky.com\/blog\/wp-json\/wp\/v2\/pages\/13658"}],"collection":[{"href":"https:\/\/www.gridky.com\/blog\/wp-json\/wp\/v2\/pages"}],"about":[{"href":"https:\/\/www.gridky.com\/blog\/wp-json\/wp\/v2\/types\/page"}],"author":[{"embeddable":true,"href":"https:\/\/www.gridky.com\/blog\/wp-json\/wp\/v2\/users\/13"}],"replies":[{"embeddable":true,"href":"https:\/\/www.gridky.com\/blog\/wp-json\/wp\/v2\/comments?post=13658"}],"version-history":[{"count":19,"href":"https:\/\/www.gridky.com\/blog\/wp-json\/wp\/v2\/pages\/13658\/revisions"}],"predecessor-version":[{"id":13747,"href":"https:\/\/www.gridky.com\/blog\/wp-json\/wp\/v2\/pages\/13658\/revisions\/13747"}],"wp:featuredmedia":[{"embeddable":true,"href":"https:\/\/www.gridky.com\/blog\/wp-json\/wp\/v2\/media\/13663"}],"wp:attachment":[{"href":"https:\/\/www.gridky.com\/blog\/wp-json\/wp\/v2\/media?parent=13658"}],"curies":[{"name":"wp","href":"https:\/\/api.w.org\/{rel}","templated":true}]}}