{"id":12871,"date":"2022-01-28T18:25:50","date_gmt":"2022-01-28T16:25:50","guid":{"rendered":"https:\/\/www.gridky.com\/blog\/?page_id=12871"},"modified":"2022-07-21T17:28:58","modified_gmt":"2022-07-21T15:28:58","slug":"le-ptz-pret-a-taux-zero","status":"publish","type":"page","link":"https:\/\/www.gridky.com\/blog\/le-ptz-pret-a-taux-zero\/","title":{"rendered":"Qu&rsquo;est ce que le PTZ : Pr\u00eat \u00e0 taux z\u00e9ro ?"},"content":{"rendered":"<h1><\/h1>\n<h1>I. Tout savoir sur le pr\u00eat \u00e0 taux z\u00e9ro<\/h1>\n<h2>I.1. Qu&rsquo;est-ce que le pr\u00eat \u00e0 taux z\u00e9ro ?<\/h2>\n<p>Le Pr\u00eat \u00e0 Taux Z\u00e9ro est une aide de l&rsquo;\u00c9tat tr\u00e8s essentielle \u00e0 l&rsquo;obtention de votre premier bien immobilier. C&rsquo;est un <strong>dispositif de soutien <\/strong>\u00e0 l&rsquo;accession \u00e0 la propri\u00e9t\u00e9 visant principalement des m\u00e9nages \u00e0 revenus modestes et interm\u00e9diaires. Il est d&rsquo;une grande aide dans l&rsquo;acquisition de sa premi\u00e8re r\u00e9sidence principale et est accord\u00e9 sous conditions de ressources. Le PTZ est facilement \u00e9ligible ce qui le rend tr\u00e8s accessible. Il permet d&rsquo;atteindre jusqu&rsquo;\u00e0 40% du montant de votre bien en un pr\u00eat avec 0% de taux d&rsquo;int\u00e9r\u00eat. Le pr\u00eat \u00e0 taux z\u00e9ro (PTZ) vous permet de financer une partie de l&rsquo;achat ou de la construction de votre future r\u00e9sidence principale. Pour l&rsquo;obtenir, vos revenus ne doivent pas d\u00e9passer un montant maximum. Ce montant d\u00e9pend de la localisation du logement. Il existe actuellement<strong> 5<\/strong> <strong>grandes zones<\/strong> : A bis, A, B1, B2 et C. Les zones B2 est C sont consid\u00e9r\u00e9es comme \u00e9tant d\u00e9tendues, d&rsquo;o\u00f9 le <strong>recentrement<\/strong> du PTZ sur l&rsquo;ancien.<\/p>\n<p>Exemple: Lors de l&rsquo;achat d&rsquo;une maison \u00e0 300 000\u20ac, il est tout-\u00e0-fait possible d&rsquo;avoir un pr\u00eat de 120 000\u20ac avec 0% d&rsquo;int\u00e9r\u00eat.<\/p>\n<p>Le pr\u00eat \u00e0 taux z\u00e9ro est\u00a0<strong>gratuit<\/strong>, d&rsquo;une\u00a0<strong>dur\u00e9e de 20, 22 ou 25 ans<\/strong>\u00a0avec une\u00a0p\u00e9riode de remboursement diff\u00e9r\u00e9 d\u2019une<strong> dur\u00e9e de 5, 10 ou 15 ans<\/strong>, durant laquelle le m\u00e9nage ne paie aucune mensualit\u00e9 sur son PTZ. Vous pouvez b\u00e9n\u00e9ficier d&rsquo;un PTZ si vous n&rsquo;avez pas \u00e9t\u00e9 propri\u00e9taire de votre r\u00e9sidence principale au cours des deux derni\u00e8res ann\u00e9es pr\u00e9c\u00e9dant le pr\u00eat. Par ailleurs, le PTZ ne peut pas financer la totalit\u00e9 de l&rsquo;achat de votre r\u00e9sidence. Il doit donc \u00eatre compl\u00e9t\u00e9 par<strong> un ou plusieurs pr\u00eats<\/strong>. Il ne peut exc\u00e9der le montant du ou des autres pr\u00eats, d&rsquo;une dur\u00e9e au moins \u00e9gale \u00e0 deux ans, concourant au financement de la m\u00eame op\u00e9ration.<\/p>\n<p>&nbsp;<\/p>\n<p><img fetchpriority=\"high\" decoding=\"async\" class=\"thumb\" src=\"https:\/\/img.freepik.com\/free-photo\/blue-wall-mockup-modern-empty-room-wooden-cabinet-3d-rendering_41470-3957.jpg?t=st=1656319543~exp=1656320143~hmac=62edc6c74a4baf9132c6c56a674a63192601901ac30ef91758bfc29302bd6416\" sizes=\"(max-width: 479px) 100vw, (min-aspect-ratio: 626\/469) calc((100vh - 184px) * 1.3347547974413647), (max-width: 1095px) calc(100vw - 40px), calc(100vw - 540px)\" srcset=\"https:\/\/img.freepik.com\/free-photo\/blue-wall-mockup-modern-empty-room-wooden-cabinet-3d-rendering_41470-3957.jpg?t=st=1656319543~exp=1656320143~hmac=62edc6c74a4baf9132c6c56a674a63192601901ac30ef91758bfc29302bd6416&amp;w=360 360w, https:\/\/img.freepik.com\/free-photo\/blue-wall-mockup-modern-empty-room-wooden-cabinet-3d-rendering_41470-3957.jpg?t=st=1656319543~exp=1656320143~hmac=62edc6c74a4baf9132c6c56a674a63192601901ac30ef91758bfc29302bd6416&amp;w=740 740w, https:\/\/img.freepik.com\/free-photo\/blue-wall-mockup-modern-empty-room-wooden-cabinet-3d-rendering_41470-3957.jpg?t=st=1656319543~exp=1656320143~hmac=62edc6c74a4baf9132c6c56a674a63192601901ac30ef91758bfc29302bd6416&amp;w=826 826w, https:\/\/img.freepik.com\/free-photo\/blue-wall-mockup-modern-empty-room-wooden-cabinet-3d-rendering_41470-3957.jpg?t=st=1656319543~exp=1656320143~hmac=62edc6c74a4baf9132c6c56a674a63192601901ac30ef91758bfc29302bd6416&amp;w=900 900w, https:\/\/img.freepik.com\/free-photo\/blue-wall-mockup-modern-empty-room-wooden-cabinet-3d-rendering_41470-3957.jpg?t=st=1656319543~exp=1656320143~hmac=62edc6c74a4baf9132c6c56a674a63192601901ac30ef91758bfc29302bd6416&amp;w=996 996w, https:\/\/img.freepik.com\/free-photo\/blue-wall-mockup-modern-empty-room-wooden-cabinet-3d-rendering_41470-3957.jpg?t=st=1656319543~exp=1656320143~hmac=62edc6c74a4baf9132c6c56a674a63192601901ac30ef91758bfc29302bd6416&amp;w=1060 1060w, https:\/\/img.freepik.com\/free-photo\/blue-wall-mockup-modern-empty-room-wooden-cabinet-3d-rendering_41470-3957.jpg?t=st=1656319543~exp=1656320143~hmac=62edc6c74a4baf9132c6c56a674a63192601901ac30ef91758bfc29302bd6416&amp;w=1380 1380w, https:\/\/img.freepik.com\/free-photo\/blue-wall-mockup-modern-empty-room-wooden-cabinet-3d-rendering_41470-3957.jpg?t=st=1656319543~exp=1656320143~hmac=62edc6c74a4baf9132c6c56a674a63192601901ac30ef91758bfc29302bd6416&amp;w=1480 1480w, https:\/\/img.freepik.com\/free-photo\/blue-wall-mockup-modern-empty-room-wooden-cabinet-3d-rendering_41470-3957.jpg?t=st=1656319543~exp=1656320143~hmac=62edc6c74a4baf9132c6c56a674a63192601901ac30ef91758bfc29302bd6416&amp;w=1800 1800w, https:\/\/img.freepik.com\/free-photo\/blue-wall-mockup-modern-empty-room-wooden-cabinet-3d-rendering_41470-3957.jpg?t=st=1656319543~exp=1656320143~hmac=62edc6c74a4baf9132c6c56a674a63192601901ac30ef91758bfc29302bd6416&amp;w=2000 2000w\" alt=\"Blue wall mockup in modern empty room on wooden cabinet.3d rendering Free Photo\" width=\"1279\" height=\"960\" data-pin-no-hover=\"true\" \/><\/p>\n<h2><\/h2>\n<h2>I.2. L&rsquo;avantage du PTZ<\/h2>\n<p>L&rsquo;avantage du PTZ est de gonfler le <strong>pouvoir d&rsquo;achat<\/strong> gr\u00e2ce \u00e0 l&rsquo;augmentation de la capacit\u00e9 d&#8217;emprunt qu&rsquo;elle cr\u00e9e. Ainsi, les particuliers et investisseurs peuvent acheter <strong>plus cher<\/strong>. C&rsquo;est une excellente solution pour les primo-acc\u00e9dants par exemple.<\/p>\n<h2>I.3. Quels logements sont \u00e9ligibles au pr\u00eat \u00e0 taux z\u00e9ro ?<\/h2>\n<p>L&rsquo;acquisition d&rsquo;un\u00a0<strong>logement neuf ou ancien<\/strong>\u00a0peut faire l&rsquo;objet d&rsquo;un financement par le biais d&rsquo;un PTZ.<\/p>\n<p>Toutefois, les logements anciens, pour pouvoir b\u00e9n\u00e9ficier du dispositif, doivent se situer en\u00a0zone B2 et C\u00a0et n\u00e9cessiter des travaux repr\u00e9sentant\u00a0<strong>au moins 25 % du montant de l&rsquo;op\u00e9ration<\/strong>\u00a0\u00e0 financer et permettant de limiter la consommation \u00e9nerg\u00e9tique annuelle du logement \u00e0\u00a0<strong>331 KWh\/m\u00b2<\/strong>.<\/p>\n<h2>I.4. Quel est le plafond de ressources pour b\u00e9n\u00e9ficier du pr\u00eat \u00e0 taux z\u00e9ro ?<\/h2>\n<p>Pour pouvoir b\u00e9n\u00e9ficier du PTZ, il faut tout d&rsquo;abord que vos revenus soient inf\u00e9rieurs \u00e0 un plafond. Ce plafond varie en fonction de la\u00a0<strong>zone o\u00f9 se trouve le logement<\/strong>\u00a0et du\u00a0<strong>nombre de personnes destin\u00e9es \u00e0 l&rsquo;occuper<\/strong>.<\/p>\n<p>Les ressources prises en compte sont le\u00a0<strong>revenu fiscal de r\u00e9f\u00e9rence de l&rsquo;ann\u00e9e N-2<\/strong>\u00a0des personnes qui vivront dans logement.<\/p>\n<table>\n<tbody>\n<tr>\n<td><strong>Nombre de personnes occupant le logement<\/strong><\/td>\n<td><strong>Zone A et A bis<\/strong><\/td>\n<td><strong>Zone B1<\/strong><\/td>\n<td><strong>Zone B2<\/strong><\/td>\n<td><strong>Zone C<\/strong><\/td>\n<\/tr>\n<tr>\n<td>1<\/td>\n<td>37 000 \u20ac<\/td>\n<td>30 000 \u20ac<\/td>\n<td>27 000 \u20ac<\/td>\n<td>24 000 \u20ac<\/td>\n<\/tr>\n<tr>\n<td>2<\/td>\n<td>51 800 \u20ac<\/td>\n<td>42 000 \u20ac<\/td>\n<td>37 800 \u20ac<\/td>\n<td>33 600 \u20ac<\/td>\n<\/tr>\n<tr>\n<td>3<\/td>\n<td>62 900 \u20ac<\/td>\n<td>51 000 \u20ac<\/td>\n<td>45 900 \u20ac<\/td>\n<td>40 800 \u20ac<\/td>\n<\/tr>\n<tr>\n<td>4<\/td>\n<td>74 000 \u20ac<\/td>\n<td>60 000 \u20ac<\/td>\n<td>54 000 \u20ac<\/td>\n<td>48 000 \u20ac<\/td>\n<\/tr>\n<tr>\n<td>5<\/td>\n<td>85 100 \u20ac<\/td>\n<td>69 000 \u20ac<\/td>\n<td>62 100 \u20ac<\/td>\n<td>55 200 \u20ac<\/td>\n<\/tr>\n<tr>\n<td>6<\/td>\n<td>96 200 \u20ac<\/td>\n<td>78 000 \u20ac<\/td>\n<td>70 200 \u20ac<\/td>\n<td>62 400 \u20ac<\/td>\n<\/tr>\n<tr>\n<td>7<\/td>\n<td>107 300 \u20ac<\/td>\n<td>87 000 \u20ac<\/td>\n<td>78 300 \u20ac<\/td>\n<td>69 600 \u20ac<\/td>\n<\/tr>\n<tr>\n<td>\u00c0 partir de 8<\/td>\n<td>118 400 \u20ac<\/td>\n<td>96 000 \u20ac<\/td>\n<td>86 400 \u20ac<\/td>\n<td>76 800 \u20ac<\/td>\n<\/tr>\n<\/tbody>\n<\/table>\n<h1>II. Comment est d\u00e9termin\u00e9 le montant du pr\u00eat \u00e0 taux z\u00e9ro ?<\/h1>\n<p>Le montant de votre pr\u00eat \u00e0 taux z\u00e9ro d\u00e9pend :<\/p>\n<ul>\n<li>de la nature du logement (neuf ou ancien)<\/li>\n<li>du prix d&rsquo;achat du logement<\/li>\n<li>de la zone dans laquelle se trouve le logement<\/li>\n<li>du nombre d&rsquo;occupants de ce logement.<\/li>\n<\/ul>\n<p>Plus pr\u00e9cis\u00e9ment, le montant de\u00a0votre PTZ est \u00e9gal \u00e0 une partie du co\u00fbt total de l&rsquo;achat dans la limite d&rsquo;un plafond.<\/p>\n<h2>II.1. Plafond de l&rsquo;op\u00e9ration retenu pour fixer le montant du PTZ<\/h2>\n<table>\n<tbody>\n<tr>\n<td><strong>Nombre de personnes occupant le logement<\/strong><\/td>\n<td><strong>Zone A et A bis<\/strong><\/td>\n<td><strong>Zone B1<\/strong><\/td>\n<td><strong>Zone B2<\/strong><\/td>\n<td><strong>Zone C<\/strong><\/td>\n<\/tr>\n<tr>\n<td>1<\/td>\n<td>150\u00a0000\u00a0\u20ac<\/td>\n<td>135\u00a0000\u00a0\u20ac<\/td>\n<td>110\u00a0000\u00a0\u20ac<\/td>\n<td>100\u00a0000\u00a0\u20ac<\/td>\n<\/tr>\n<tr>\n<td>2<\/td>\n<td>210\u00a0000\u00a0\u20ac<\/td>\n<td>189\u00a0000\u00a0\u20ac<\/td>\n<td>154\u00a0000\u00a0\u20ac<\/td>\n<td>140\u00a0000\u00a0\u20ac<\/td>\n<\/tr>\n<tr>\n<td>3<\/td>\n<td>255\u00a0000\u00a0\u20ac<\/td>\n<td>230\u00a0000\u00a0\u20ac<\/td>\n<td>187\u00a0000\u00a0\u20ac<\/td>\n<td>170\u00a0000\u00a0\u20ac<\/td>\n<\/tr>\n<tr>\n<td>4<\/td>\n<td>300\u00a0000\u00a0\u20ac<\/td>\n<td>270\u00a0000\u00a0\u20ac<\/td>\n<td>220\u00a0000\u00a0\u20ac<\/td>\n<td>200\u00a0000\u00a0\u20ac<\/td>\n<\/tr>\n<tr>\n<td>\u00c0 partir de 5<\/td>\n<td>345\u00a0000\u00a0\u20ac<\/td>\n<td>311\u00a0000\u00a0\u20ac<\/td>\n<td>253\u00a0000\u00a0\u20ac<\/td>\n<td>230\u00a0000\u00a0\u20ac<\/td>\n<\/tr>\n<\/tbody>\n<\/table>\n<h2>II.2. Part du prix du logement prit en charge par un PTZ<\/h2>\n<p>Cette part du prix d&rsquo;achat que vous pouvez financer par un PTZ varie en\u00a0<strong>fonction de la zone dans laquelle se trouve le bien<\/strong>.<\/p>\n<p><img decoding=\"async\" class=\"aligncenter wp-image-12873 size-full\" src=\"https:\/\/www.gridky.com\/blog\/wp-content\/uploads\/2022\/01\/Screen-Shot-2022-01-06-at-17.19.32.png\" alt=\"Tableau PTZ\" width=\"584\" height=\"223\" srcset=\"https:\/\/www.gridky.com\/blog\/wp-content\/uploads\/2022\/01\/Screen-Shot-2022-01-06-at-17.19.32.png 584w, https:\/\/www.gridky.com\/blog\/wp-content\/uploads\/2022\/01\/Screen-Shot-2022-01-06-at-17.19.32-300x115.png 300w\" sizes=\"(max-width: 584px) 100vw, 584px\" \/><\/p>\n<p>&nbsp;<\/p>\n<h2>III. \u00c0 qui adresser une demande de pr\u00eat \u00e0 taux z\u00e9ro ?<\/h2>\n<p>La demande est \u00e0 adresser directement \u00e0 l&rsquo;\u00e9tablissement de cr\u00e9dit de son choix. Comme pour tout autre pr\u00eat, l&rsquo;\u00e9tablissement pr\u00eateur appr\u00e9cie sous sa responsabilit\u00e9, la <strong>solvabilit\u00e9<\/strong> et les garanties de remboursement des m\u00e9nages. Il n&rsquo;a pas l&rsquo;obligation d&rsquo;accorder le pr\u00eat \u00e0 taux z\u00e9ro.<\/p>\n<p>Vous pouvez \u00e9galement faire appel \u00e0 un courtier pour faciliter vos d\u00e9marches et gagner du temps, ce dernier \u00e9valuera alors votre \u00e9ligibilit\u00e9 au PTZ et aux autres pr\u00eats et aides. Il n\u00e9gocie \u00e9galement le meilleur taux pour le cr\u00e9dit immobilier.<\/p>\n<p>Niveau remboursement: fonctionne toujours avec un diff\u00e9r\u00e9 de 5 \u00e0 15 ans cad p\u00e9riode ou on ne rembourse pas. la<strong> dur\u00e9e de remboursement<\/strong> du pr\u00eat s&rsquo;\u00e9tend de 10 \u00e0 15 ans. Plus vos revenus sont \u00e9lev\u00e9s plus la dur\u00e9e du pr\u00eat est courte.<\/p>\n<h2>IV. Modification des conditions de ressources en 2023<\/h2>\n<div class=\"field--name-field-contenu-libre\">\n<p>Le pr\u00eat \u00e0 taux z\u00e9ro est\u00a0<strong>maintenu jusqu&rsquo;\u00e0 la fin de l&rsquo;ann\u00e9e 2023<\/strong>. Par ailleurs, les conditions de ressource pour en b\u00e9n\u00e9ficier,\u00a0<strong>sont les m\u00eames en 2022 que celles qui \u00e9taient applicables en 2021<\/strong><\/p>\n<\/div>\n<p>Le projet de loi de finances pour 2022 pr\u00e9voit la modification des conditions de ressources pour le PTZ en 2023. Le montant total des ressources sera notamment appr\u00e9ci\u00e9 \u00e0 la date d&rsquo;\u00e9mission de l&rsquo;offre de pr\u00eat.<\/p>\n<h2 style=\"text-align: left;\"><a href=\"https:\/\/www.gridky.com\/simulateur\/pret-a-taux-zero\">Le simulateur Gridky pour calculer votre PTZ\u00a0<\/a><\/h2>\n<p>&nbsp;<\/p>\n<p>N&rsquo;h\u00e9sitez pas \u00e0 prendre contact avec nous depuis ce <a href=\"https:\/\/www.gridky.com\/nous-contacter\">lien.<\/a><\/p>\n","protected":false},"excerpt":{"rendered":"<p>I. Tout savoir sur le pr\u00eat \u00e0 taux z\u00e9ro I.1. Qu&rsquo;est-ce que le pr\u00eat \u00e0 taux z\u00e9ro ? Le Pr\u00eat \u00e0 Taux Z\u00e9ro est une aide de l&rsquo;\u00c9tat tr\u00e8s essentielle \u00e0 l&rsquo;obtention de votre premier bien immobilier. C&rsquo;est un dispositif de soutien \u00e0 l&rsquo;accession \u00e0 la propri\u00e9t\u00e9 visant principalement des m\u00e9nages \u00e0 revenus modestes et&hellip;<\/p>\n","protected":false},"author":8,"featured_media":12953,"parent":0,"menu_order":0,"comment_status":"closed","ping_status":"closed","template":"","meta":[],"yoast_head":"<!-- This site is optimized with the Yoast SEO plugin v19.13 - https:\/\/yoast.com\/wordpress\/plugins\/seo\/ -->\n<title>Qu&#039;est ce que le PTZ : Pr\u00eat \u00e0 taux z\u00e9ro ? - Gridky blog<\/title>\n<meta name=\"description\" content=\"Tout comprendre au PTZ (Pr\u00eat \u00e0 Taux Z\u00e9ro) pour optimiser votre achat immobilier de r\u00e9sidence principale\" \/>\n<meta name=\"robots\" content=\"index, follow, max-snippet:-1, max-image-preview:large, max-video-preview:-1\" \/>\n<link rel=\"canonical\" href=\"https:\/\/www.gridky.com\/blog\/le-ptz-pret-a-taux-zero\/\" \/>\n<meta property=\"og:locale\" content=\"fr_FR\" \/>\n<meta property=\"og:type\" content=\"article\" \/>\n<meta property=\"og:title\" content=\"Qu&#039;est ce que le PTZ : Pr\u00eat \u00e0 taux z\u00e9ro ? - Gridky blog\" \/>\n<meta property=\"og:description\" content=\"Tout comprendre au PTZ (Pr\u00eat \u00e0 Taux Z\u00e9ro) pour optimiser votre achat immobilier de r\u00e9sidence principale\" \/>\n<meta property=\"og:url\" content=\"https:\/\/www.gridky.com\/blog\/le-ptz-pret-a-taux-zero\/\" \/>\n<meta property=\"og:site_name\" content=\"Gridky blog\" \/>\n<meta property=\"article:modified_time\" content=\"2022-07-21T15:28:58+00:00\" \/>\n<meta property=\"og:image\" content=\"https:\/\/www.gridky.com\/blog\/wp-content\/uploads\/2022\/01\/pret-a-taux-zero.jpg\" \/>\n\t<meta property=\"og:image:width\" content=\"720\" \/>\n\t<meta property=\"og:image:height\" content=\"403\" \/>\n\t<meta property=\"og:image:type\" content=\"image\/jpeg\" \/>\n<meta name=\"twitter:card\" content=\"summary_large_image\" \/>\n<meta name=\"twitter:label1\" content=\"Dur\u00e9e de lecture estim\u00e9e\" \/>\n\t<meta name=\"twitter:data1\" content=\"6 minutes\" \/>\n<script type=\"application\/ld+json\" class=\"yoast-schema-graph\">{\"@context\":\"https:\/\/schema.org\",\"@graph\":[{\"@type\":\"WebPage\",\"@id\":\"https:\/\/www.gridky.com\/blog\/le-ptz-pret-a-taux-zero\/\",\"url\":\"https:\/\/www.gridky.com\/blog\/le-ptz-pret-a-taux-zero\/\",\"name\":\"Qu'est ce que le PTZ : Pr\u00eat \u00e0 taux z\u00e9ro ? - Gridky blog\",\"isPartOf\":{\"@id\":\"https:\/\/www.gridky.com\/blog\/#website\"},\"datePublished\":\"2022-01-28T16:25:50+00:00\",\"dateModified\":\"2022-07-21T15:28:58+00:00\",\"description\":\"Tout comprendre au PTZ (Pr\u00eat \u00e0 Taux Z\u00e9ro) pour optimiser votre achat immobilier de r\u00e9sidence principale\",\"breadcrumb\":{\"@id\":\"https:\/\/www.gridky.com\/blog\/le-ptz-pret-a-taux-zero\/#breadcrumb\"},\"inLanguage\":\"fr-FR\",\"potentialAction\":[{\"@type\":\"ReadAction\",\"target\":[\"https:\/\/www.gridky.com\/blog\/le-ptz-pret-a-taux-zero\/\"]}]},{\"@type\":\"BreadcrumbList\",\"@id\":\"https:\/\/www.gridky.com\/blog\/le-ptz-pret-a-taux-zero\/#breadcrumb\",\"itemListElement\":[{\"@type\":\"ListItem\",\"position\":1,\"name\":\"Accueil\",\"item\":\"https:\/\/www.gridky.com\/blog\/\"},{\"@type\":\"ListItem\",\"position\":2,\"name\":\"Qu&rsquo;est ce que le PTZ : Pr\u00eat \u00e0 taux z\u00e9ro ?\"}]},{\"@type\":\"WebSite\",\"@id\":\"https:\/\/www.gridky.com\/blog\/#website\",\"url\":\"https:\/\/www.gridky.com\/blog\/\",\"name\":\"Gridky blog\",\"description\":\"\",\"potentialAction\":[{\"@type\":\"SearchAction\",\"target\":{\"@type\":\"EntryPoint\",\"urlTemplate\":\"https:\/\/www.gridky.com\/blog\/?s={search_term_string}\"},\"query-input\":\"required name=search_term_string\"}],\"inLanguage\":\"fr-FR\"}]}<\/script>\n<!-- \/ Yoast SEO plugin. -->","yoast_head_json":{"title":"Qu'est ce que le PTZ : Pr\u00eat \u00e0 taux z\u00e9ro ? - Gridky blog","description":"Tout comprendre au PTZ (Pr\u00eat \u00e0 Taux Z\u00e9ro) pour optimiser votre achat immobilier de r\u00e9sidence principale","robots":{"index":"index","follow":"follow","max-snippet":"max-snippet:-1","max-image-preview":"max-image-preview:large","max-video-preview":"max-video-preview:-1"},"canonical":"https:\/\/www.gridky.com\/blog\/le-ptz-pret-a-taux-zero\/","og_locale":"fr_FR","og_type":"article","og_title":"Qu'est ce que le PTZ : Pr\u00eat \u00e0 taux z\u00e9ro ? - Gridky blog","og_description":"Tout comprendre au PTZ (Pr\u00eat \u00e0 Taux Z\u00e9ro) pour optimiser votre achat immobilier de r\u00e9sidence principale","og_url":"https:\/\/www.gridky.com\/blog\/le-ptz-pret-a-taux-zero\/","og_site_name":"Gridky blog","article_modified_time":"2022-07-21T15:28:58+00:00","og_image":[{"width":720,"height":403,"url":"https:\/\/www.gridky.com\/blog\/wp-content\/uploads\/2022\/01\/pret-a-taux-zero.jpg","type":"image\/jpeg"}],"twitter_card":"summary_large_image","twitter_misc":{"Dur\u00e9e de lecture estim\u00e9e":"6 minutes"},"schema":{"@context":"https:\/\/schema.org","@graph":[{"@type":"WebPage","@id":"https:\/\/www.gridky.com\/blog\/le-ptz-pret-a-taux-zero\/","url":"https:\/\/www.gridky.com\/blog\/le-ptz-pret-a-taux-zero\/","name":"Qu'est ce que le PTZ : Pr\u00eat \u00e0 taux z\u00e9ro ? - Gridky blog","isPartOf":{"@id":"https:\/\/www.gridky.com\/blog\/#website"},"datePublished":"2022-01-28T16:25:50+00:00","dateModified":"2022-07-21T15:28:58+00:00","description":"Tout comprendre au PTZ (Pr\u00eat \u00e0 Taux Z\u00e9ro) pour optimiser votre achat immobilier de r\u00e9sidence principale","breadcrumb":{"@id":"https:\/\/www.gridky.com\/blog\/le-ptz-pret-a-taux-zero\/#breadcrumb"},"inLanguage":"fr-FR","potentialAction":[{"@type":"ReadAction","target":["https:\/\/www.gridky.com\/blog\/le-ptz-pret-a-taux-zero\/"]}]},{"@type":"BreadcrumbList","@id":"https:\/\/www.gridky.com\/blog\/le-ptz-pret-a-taux-zero\/#breadcrumb","itemListElement":[{"@type":"ListItem","position":1,"name":"Accueil","item":"https:\/\/www.gridky.com\/blog\/"},{"@type":"ListItem","position":2,"name":"Qu&rsquo;est ce que le PTZ : Pr\u00eat \u00e0 taux z\u00e9ro ?"}]},{"@type":"WebSite","@id":"https:\/\/www.gridky.com\/blog\/#website","url":"https:\/\/www.gridky.com\/blog\/","name":"Gridky blog","description":"","potentialAction":[{"@type":"SearchAction","target":{"@type":"EntryPoint","urlTemplate":"https:\/\/www.gridky.com\/blog\/?s={search_term_string}"},"query-input":"required name=search_term_string"}],"inLanguage":"fr-FR"}]}},"_links":{"self":[{"href":"https:\/\/www.gridky.com\/blog\/wp-json\/wp\/v2\/pages\/12871"}],"collection":[{"href":"https:\/\/www.gridky.com\/blog\/wp-json\/wp\/v2\/pages"}],"about":[{"href":"https:\/\/www.gridky.com\/blog\/wp-json\/wp\/v2\/types\/page"}],"author":[{"embeddable":true,"href":"https:\/\/www.gridky.com\/blog\/wp-json\/wp\/v2\/users\/8"}],"replies":[{"embeddable":true,"href":"https:\/\/www.gridky.com\/blog\/wp-json\/wp\/v2\/comments?post=12871"}],"version-history":[{"count":20,"href":"https:\/\/www.gridky.com\/blog\/wp-json\/wp\/v2\/pages\/12871\/revisions"}],"predecessor-version":[{"id":13966,"href":"https:\/\/www.gridky.com\/blog\/wp-json\/wp\/v2\/pages\/12871\/revisions\/13966"}],"wp:featuredmedia":[{"embeddable":true,"href":"https:\/\/www.gridky.com\/blog\/wp-json\/wp\/v2\/media\/12953"}],"wp:attachment":[{"href":"https:\/\/www.gridky.com\/blog\/wp-json\/wp\/v2\/media?parent=12871"}],"curies":[{"name":"wp","href":"https:\/\/api.w.org\/{rel}","templated":true}]}}